{"id":2924,"date":"2023-04-03T11:56:27","date_gmt":"2023-04-03T09:56:27","guid":{"rendered":"https:\/\/empuriaholidays.com\/presentation\/"},"modified":"2023-04-03T11:56:27","modified_gmt":"2023-04-03T09:56:27","slug":"presentation","status":"publish","type":"page","link":"https:\/\/empuriaholidays.com\/fr\/presentation\/","title":{"rendered":"Pr\u00e9sentation"},"content":{"rendered":"<p>Bienvenue sur le site d'Empuriaholidays !<\/p>\n<p>En tant qu'entreprise familiale qui accueille des visiteurs depuis plus de 40 ans et deux g\u00e9n\u00e9rations, nous sommes ravis de pouvoir vous proposer deux logements uniques \u00e0 Empuriabrava:<img loading=\"lazy\" decoding=\"async\" class=\"alignright wp-image-2913 size-medium\" src=\"https:\/\/empuriaholidays.com\/wp-content\/uploads\/2023\/04\/montgri-i-Sardana-1-300x300.png\" alt=\"\" width=\"300\" height=\"300\" data-id=\"2913\" srcset=\"https:\/\/empuriaholidays.com\/wp-content\/uploads\/2023\/04\/montgri-i-Sardana-1-300x300.png 300w, https:\/\/empuriaholidays.com\/wp-content\/uploads\/2023\/04\/montgri-i-Sardana-1-150x150.png 150w, https:\/\/empuriaholidays.com\/wp-content\/uploads\/2023\/04\/montgri-i-Sardana-1-768x767.png 768w, https:\/\/empuriaholidays.com\/wp-content\/uploads\/2023\/04\/montgri-i-Sardana-1-50x50.png 50w, https:\/\/empuriaholidays.com\/wp-content\/uploads\/2023\/04\/montgri-i-Sardana-1-49x49.png 49w, https:\/\/empuriaholidays.com\/wp-content\/uploads\/2023\/04\/montgri-i-Sardana-1-184x184.png 184w, https:\/\/empuriaholidays.com\/wp-content\/uploads\/2023\/04\/montgri-i-Sardana-1.png 800w\" sizes=\"auto, (max-width: 300px) 100vw, 300px\" \/>les appartements \"La Sardana\" et les maisons \"Montgr\u00ed\".<\/p>\n<p>Les appartements \"La Sardana\" sont le choix id\u00e9al pour ceux qui souhaitent \u00eatre proches de la plage et profiter de vues spectaculaires sur les canaux d'Empuriabrava. D'autre part, les maisons \"Montgr\u00ed\" disposent de patios et\/ou de jardins \u00e0 l'avant, ce qui les rend id\u00e9ales pour les familles avec enfants qui recherchent un espace s\u00fbr et agr\u00e9able pour passer des vacances reposantes.<\/p>\n<p>L'Alt Empord\u00e0 offre une grande vari\u00e9t\u00e9 d'activit\u00e9s pour les amateurs d'histoire, d'art, de sports d'aventure, de golf et d'activit\u00e9s de plein air. Vous pourrez visiter l'abbaye de Sant Pere de Rodes et le mus\u00e9e Dal\u00ed de Figueres, jouer au golf sur des terrains de premier ordre, faire de la randonn\u00e9e, de l'escalade et du VTT, et profiter des plages de la Costa Brava.<\/p>\n<p>Nous vous remercions sinc\u00e8rement d'avoir choisi notre h\u00e9bergement de vacances \u00e0 Empuriabrava et esp\u00e9rons vous voir bient\u00f4t !<\/p>\n","protected":false},"excerpt":{"rendered":"<p>Bienvenue sur le site d'Empuriaholidays ! En tant qu'entreprise familiale qui accueille des visiteurs depuis plus de 40 ans et deux g\u00e9n\u00e9rations, nous sommes ravis de pouvoir vous proposer deux logements uniques \u00e0 Empuriabrava:les appartements \"La Sardana\" et les maisons \"Montgr\u00ed\". Les appartements \"La Sardana\" sont le choix id\u00e9al pour ceux qui souhaitent \u00eatre proches [&hellip;]<\/p>\n","protected":false},"author":2,"featured_media":0,"parent":0,"menu_order":0,"comment_status":"open","ping_status":"closed","template":"page-full.php","meta":{"_acf_changed":false,"footnotes":""},"class_list":["post-2924","page","type-page","status-publish","hentry"],"acf":[],"_links":{"self":[{"href":"https:\/\/empuriaholidays.com\/fr\/wp-json\/wp\/v2\/pages\/2924","targetHints":{"allow":["GET"]}}],"collection":[{"href":"https:\/\/empuriaholidays.com\/fr\/wp-json\/wp\/v2\/pages"}],"about":[{"href":"https:\/\/empuriaholidays.com\/fr\/wp-json\/wp\/v2\/types\/page"}],"author":[{"embeddable":true,"href":"https:\/\/empuriaholidays.com\/fr\/wp-json\/wp\/v2\/users\/2"}],"replies":[{"embeddable":true,"href":"https:\/\/empuriaholidays.com\/fr\/wp-json\/wp\/v2\/comments?post=2924"}],"version-history":[{"count":0,"href":"https:\/\/empuriaholidays.com\/fr\/wp-json\/wp\/v2\/pages\/2924\/revisions"}],"wp:attachment":[{"href":"https:\/\/empuriaholidays.com\/fr\/wp-json\/wp\/v2\/media?parent=2924"}],"curies":[{"name":"wp","href":"https:\/\/api.w.org\/{rel}","templated":true}]}}