{"id":2463,"date":"2022-02-16T00:59:13","date_gmt":"2022-02-15T23:59:13","guid":{"rendered":"https:\/\/empuriaholidays.com\/maisons-de-montgri\/"},"modified":"2022-02-21T14:49:14","modified_gmt":"2022-02-21T13:49:14","slug":"maisons-de-montgri","status":"publish","type":"page","link":"https:\/\/empuriaholidays.com\/fr\/maisons-de-montgri\/","title":{"rendered":"Maisons de Montgr\u00ed"},"content":{"rendered":"<div class=\"cycloneslider cycloneslider-template-thumbnails cycloneslider-width-responsive\" id=\"cycloneslider-cases-montgri-1\" style=\"max-width:960px\" ><div class=\"cycloneslider-slides cycle-slideshow\"\tdata-cycle-allow-wrap=\"true\" data-cycle-dynamic-height=\"off\" data-cycle-auto-height=\"960:600\" data-cycle-auto-height-easing=\"null\" data-cycle-auto-height-speed=\"250\" data-cycle-delay=\"0\" data-cycle-easing=\"\" data-cycle-fx=\"fade\" data-cycle-hide-non-active=\"true\" data-cycle-log=\"false\" data-cycle-next=\"#cycloneslider-cases-montgri-1 .cycloneslider-next\" data-cycle-pager=\"#cycloneslider-cases-montgri-1 .cycloneslider-pager\" data-cycle-pause-on-hover=\"true\" data-cycle-prev=\"#cycloneslider-cases-montgri-1 .cycloneslider-prev\" data-cycle-slides=\"&gt; div\" data-cycle-speed=\"1000\" data-cycle-swipe=\"false\" data-cycle-tile-count=\"7\" data-cycle-tile-delay=\"100\" data-cycle-tile-vertical=\"true\" data-cycle-timeout=\"4000\"\t> <div class=\"cycloneslider-slide cycloneslider-slide-image\" > <img decoding=\"async\" src=\"https:\/\/empuriaholidays.com\/wp-content\/uploads\/2015\/12\/e03-960x600.jpg\" alt=\"\" title=\"\" \/> <\/div> <div class=\"cycloneslider-slide cycloneslider-slide-image\" > <img decoding=\"async\" src=\"https:\/\/empuriaholidays.com\/wp-content\/uploads\/2013\/08\/38-960x600.jpg\" alt=\"\" title=\"\" \/> <\/div> <div class=\"cycloneslider-slide cycloneslider-slide-image\" > <img decoding=\"async\" src=\"https:\/\/empuriaholidays.com\/wp-content\/uploads\/2013\/08\/39-960x600.jpg\" alt=\"\" title=\"\" \/> <\/div> <div class=\"cycloneslider-slide cycloneslider-slide-image\" > <img decoding=\"async\" src=\"https:\/\/empuriaholidays.com\/wp-content\/uploads\/2013\/08\/42-960x600.jpg\" alt=\"\" title=\"\" \/> <\/div> <div class=\"cycloneslider-slide cycloneslider-slide-image\" > <img decoding=\"async\" src=\"https:\/\/empuriaholidays.com\/wp-content\/uploads\/2013\/08\/43-960x600.jpg\" alt=\"\" title=\"\" \/> <\/div> <\/div><div class=\"cycloneslider-prev\"><\/div><div class=\"cycloneslider-next\"><\/div><\/div><div id=\"cycloneslider-cases-montgri-1-pager\" class=\"cycloneslider-template-thumbnails cycloneslider-thumbnails\"\tstyle=\"max-width:960px\" ><ul class=\"clearfix\"> <li><img loading=\"lazy\" decoding=\"async\" src=\"https:\/\/empuriaholidays.com\/wp-content\/uploads\/2015\/12\/e03-40x40.jpg\" width=\"40\" height=\"40\" alt=\"\" title=\"\" \/><\/li> <li><img loading=\"lazy\" decoding=\"async\" src=\"https:\/\/empuriaholidays.com\/wp-content\/uploads\/2013\/08\/38-40x40.jpg\" width=\"40\" height=\"40\" alt=\"\" title=\"\" \/><\/li> <li><img loading=\"lazy\" decoding=\"async\" src=\"https:\/\/empuriaholidays.com\/wp-content\/uploads\/2013\/08\/39-40x40.jpg\" width=\"40\" height=\"40\" alt=\"\" title=\"\" \/><\/li> <li><img loading=\"lazy\" decoding=\"async\" src=\"https:\/\/empuriaholidays.com\/wp-content\/uploads\/2013\/08\/42-40x40.jpg\" width=\"40\" height=\"40\" alt=\"\" title=\"\" \/><\/li> <li><img loading=\"lazy\" decoding=\"async\" src=\"https:\/\/empuriaholidays.com\/wp-content\/uploads\/2013\/08\/43-40x40.jpg\" width=\"40\" height=\"40\" alt=\"\" title=\"\" \/><\/li> <\/ul><\/div>\n<hr \/>\n<h2>Descriptif<\/h2>\n<p>Le complexe Montgr\u00ed est situ\u00e9 dans une enclave proche des commerces, des zones de loisirs et de la plage d'Empuriabrava, avec des caract\u00e9ristiques beaucoup plus urbaines et plus d'\u00e9quipements pour le tourisme que ses s\u0153urs plus \"sauvages\".<br \/>\nDe par ses caract\u00e9ristiques, il est id\u00e9al pour les familles avec de jeunes enfants, les amateurs de sports nautiques, ceux qui ne veulent pas prendre la voiture ou simplement pour ceux qui pr\u00e9f\u00e8rent une maison \u00e0 un appartement.<br \/>\nLes maisons de Montgr\u00ed sont un groupe de trois maisons de taille moyenne et de deux coins, toutes avec une cour avant o\u00f9 vous pourrez profiter de la tranquillit\u00e9 de cette zone situ\u00e9e dans un cul-de-sac. Toutes les maisons sont \u00e9quip\u00e9es pour 5\/6 personnes.<br \/>\nLe complexe dispose d'un jardin commun o\u00f9 vous pourrez profiter d'une douche ext\u00e9rieure et d'un barbecue int\u00e9gr\u00e9.<\/p>\n<hr \/>\n<h2>Plan de situation<\/h2>\n<div class=\"Flexible-container\"><iframe loading=\"lazy\" src=\"https:\/\/mapsengine.google.com\/map\/u\/5\/embed?mid=zifJ4WBJTr0Q.kLsJUrrdMo5g\" width=\"800\" height=\"600\"><\/iframe><\/div>\n<p>&nbsp;<\/p>\n<hr \/>\n<h2>Nos maisons<\/h2>\n<p>Pour en savoir plus sur l'un de ces h\u00e9bergements, s\u00e9lectionnez-en un :<br \/>\n<div class='one_fourth fifth'>\n\t\t\t\t\t<h3>Maison Ginesta<\/h3>\n<p><a href=\"https:\/\/empuriaholidays.com\/fr\/maison-i-ginesta\/\" rel=\"attachment wp-att-749\"><img loading=\"lazy\" decoding=\"async\" class=\"alignnone size-thumbnail wp-image-749\" title=\"totes-les-casesmarcantcasa1\" src=\"http:\/\/www.empuriaholidays.com\/wp-content\/uploads\/2013\/03\/totes-les-casesmarcantcasa1-150x150.jpg\" alt=\"totes-les-casesmarcantcasa1\" width=\"150\" height=\"150\" srcset=\"https:\/\/empuriaholidays.com\/wp-content\/uploads\/2013\/03\/totes-les-casesmarcantcasa1-150x150.jpg 150w, https:\/\/empuriaholidays.com\/wp-content\/uploads\/2013\/03\/totes-les-casesmarcantcasa1-300x300.jpg 300w\" sizes=\"auto, (max-width: 150px) 100vw, 150px\" \/><\/a>\n\t\t\t\t<\/div><div class='one_fourth fifth'>\n\t\t\t\t\t<h3>Maison Gr\u00e9vol<\/h3>\n<p><a href=\"https:\/\/empuriaholidays.com\/fr\/maison-ii-grevol\/\" rel=\"attachment wp-att-745\"><img loading=\"lazy\" decoding=\"async\" class=\"alignnone size-thumbnail wp-image-745\" title=\"totes-les-casesmarcantcasa2\" src=\"http:\/\/www.empuriaholidays.com\/wp-content\/uploads\/2013\/03\/totes-les-casesmarcantcasa2-150x150.jpg\" alt=\"totes-les-casesmarcantcasa2\" width=\"150\" height=\"150\" srcset=\"https:\/\/empuriaholidays.com\/wp-content\/uploads\/2013\/03\/totes-les-casesmarcantcasa2-150x150.jpg 150w, https:\/\/empuriaholidays.com\/wp-content\/uploads\/2013\/03\/totes-les-casesmarcantcasa2-300x300.jpg 300w\" sizes=\"auto, (max-width: 150px) 100vw, 150px\" \/><\/a>\n\t\t\t\t<\/div><div class='one_fourth fifth'>\n\t\t\t\t\t<h3>Maison Roman\u00ed<\/h3>\n<p><a href=\"https:\/\/empuriaholidays.com\/fr\/maison-iii-romani\/\" rel=\"attachment wp-att-746\"><img loading=\"lazy\" decoding=\"async\" class=\"alignnone size-thumbnail wp-image-746\" title=\"totes-les-casesmarcantcasa3\" src=\"http:\/\/www.empuriaholidays.com\/wp-content\/uploads\/2013\/03\/totes-les-casesmarcantcasa3-150x150.jpg\" alt=\"totes-les-casesmarcantcasa3\" width=\"150\" height=\"150\" srcset=\"https:\/\/empuriaholidays.com\/wp-content\/uploads\/2013\/03\/totes-les-casesmarcantcasa3-150x150.jpg 150w, https:\/\/empuriaholidays.com\/wp-content\/uploads\/2013\/03\/totes-les-casesmarcantcasa3-300x300.jpg 300w\" sizes=\"auto, (max-width: 150px) 100vw, 150px\" \/><\/a>\n\t\t\t\t<\/div><div class='one_fourth fifth'>\n\t\t\t\t\t<h3>Maison Margarita<\/h3>\n<p><a href=\"https:\/\/empuriaholidays.com\/fr\/maison-iv-margarita\/\" rel=\"attachment wp-att-747\"><img loading=\"lazy\" decoding=\"async\" class=\"alignnone size-thumbnail wp-image-747\" title=\"totes-les-casesmarcantcasa4\" src=\"http:\/\/www.empuriaholidays.com\/wp-content\/uploads\/2013\/03\/totes-les-casesmarcantcasa4-150x150.jpg\" alt=\"totes-les-casesmarcantcasa4\" width=\"150\" height=\"150\" srcset=\"https:\/\/empuriaholidays.com\/wp-content\/uploads\/2013\/03\/totes-les-casesmarcantcasa4-150x150.jpg 150w, https:\/\/empuriaholidays.com\/wp-content\/uploads\/2013\/03\/totes-les-casesmarcantcasa4-300x300.jpg 300w\" sizes=\"auto, (max-width: 150px) 100vw, 150px\" \/><\/a>\n\t\t\t\t<\/div><div class='one_fourth et_column_last fifth'>\n\t\t\t\t\t<h3>Maison Farigola<\/h3>\n<p><a href=\"https:\/\/empuriaholidays.com\/fr\/maison-v-farigola\/\" rel=\"attachment wp-att-748\"><img loading=\"lazy\" decoding=\"async\" class=\"alignnone size-thumbnail wp-image-748\" title=\"totes-les-casesmarcantcasa5\" src=\"http:\/\/www.empuriaholidays.com\/wp-content\/uploads\/2013\/03\/totes-les-casesmarcantcasa5-150x150.jpg\" alt=\"totes-les-casesmarcantcasa5\" width=\"150\" height=\"150\" srcset=\"https:\/\/empuriaholidays.com\/wp-content\/uploads\/2013\/03\/totes-les-casesmarcantcasa5-150x150.jpg 150w, https:\/\/empuriaholidays.com\/wp-content\/uploads\/2013\/03\/totes-les-casesmarcantcasa5-300x300.jpg 300w\" sizes=\"auto, (max-width: 150px) 100vw, 150px\" \/><\/a>\n\t\t\t\t<\/div><div class='clear'><\/div><\/p>\n<hr \/>\n<a href='https:\/\/empuriaholidays.com\/cercador\/' class='big-button bigblue'>R\u00c9SERVER<\/a>\n","protected":false},"excerpt":{"rendered":"<p>Le complexe Montgr\u00ed est situ\u00e9 dans une enclave proche des commerces, des zones de loisirs et de la plage d'Empuriabrava...<\/p>\n","protected":false},"author":2,"featured_media":1562,"parent":0,"menu_order":0,"comment_status":"open","ping_status":"closed","template":"page-full.php","meta":{"_acf_changed":false,"footnotes":""},"class_list":["post-2463","page","type-page","status-publish","has-post-thumbnail","hentry"],"acf":[],"_links":{"self":[{"href":"https:\/\/empuriaholidays.com\/fr\/wp-json\/wp\/v2\/pages\/2463","targetHints":{"allow":["GET"]}}],"collection":[{"href":"https:\/\/empuriaholidays.com\/fr\/wp-json\/wp\/v2\/pages"}],"about":[{"href":"https:\/\/empuriaholidays.com\/fr\/wp-json\/wp\/v2\/types\/page"}],"author":[{"embeddable":true,"href":"https:\/\/empuriaholidays.com\/fr\/wp-json\/wp\/v2\/users\/2"}],"replies":[{"embeddable":true,"href":"https:\/\/empuriaholidays.com\/fr\/wp-json\/wp\/v2\/comments?post=2463"}],"version-history":[{"count":1,"href":"https:\/\/empuriaholidays.com\/fr\/wp-json\/wp\/v2\/pages\/2463\/revisions"}],"predecessor-version":[{"id":2651,"href":"https:\/\/empuriaholidays.com\/fr\/wp-json\/wp\/v2\/pages\/2463\/revisions\/2651"}],"wp:featuredmedia":[{"embeddable":true,"href":"https:\/\/empuriaholidays.com\/fr\/wp-json\/wp\/v2\/media\/1562"}],"wp:attachment":[{"href":"https:\/\/empuriaholidays.com\/fr\/wp-json\/wp\/v2\/media?parent=2463"}],"curies":[{"name":"wp","href":"https:\/\/api.w.org\/{rel}","templated":true}]}}