{"id":2430,"date":"2022-02-16T00:51:41","date_gmt":"2022-02-15T23:51:41","guid":{"rendered":"https:\/\/empuriaholidays.com\/appartements-la-sardana\/"},"modified":"2022-02-21T14:52:04","modified_gmt":"2022-02-21T13:52:04","slug":"appartements-la-sardana","status":"publish","type":"page","link":"https:\/\/empuriaholidays.com\/fr\/appartements-la-sardana\/","title":{"rendered":"Appartements La Sardana"},"content":{"rendered":"<div class=\"cycloneslider cycloneslider-template-thumbnails cycloneslider-width-responsive\" id=\"cycloneslider-lasardana-1\" style=\"max-width:960px\" ><div class=\"cycloneslider-slides cycle-slideshow\"\tdata-cycle-allow-wrap=\"true\" data-cycle-dynamic-height=\"off\" data-cycle-auto-height=\"960:600\" data-cycle-auto-height-easing=\"null\" data-cycle-auto-height-speed=\"250\" data-cycle-delay=\"0\" data-cycle-easing=\"\" data-cycle-fx=\"fade\" data-cycle-hide-non-active=\"true\" data-cycle-log=\"false\" data-cycle-next=\"#cycloneslider-lasardana-1 .cycloneslider-next\" data-cycle-pager=\"#cycloneslider-lasardana-1 .cycloneslider-pager\" data-cycle-pause-on-hover=\"true\" data-cycle-prev=\"#cycloneslider-lasardana-1 .cycloneslider-prev\" data-cycle-slides=\"&gt; div\" data-cycle-speed=\"1000\" data-cycle-swipe=\"false\" data-cycle-tile-count=\"7\" data-cycle-tile-delay=\"100\" data-cycle-tile-vertical=\"true\" data-cycle-timeout=\"4000\"\t> <div class=\"cycloneslider-slide cycloneslider-slide-image\" > <img decoding=\"async\" src=\"https:\/\/empuriaholidays.com\/wp-content\/uploads\/2013\/08\/1-1-scaled-960x600.jpg\" alt=\"\" title=\"\" \/> <\/div> <div class=\"cycloneslider-slide cycloneslider-slide-image\" > <img decoding=\"async\" src=\"https:\/\/empuriaholidays.com\/wp-content\/uploads\/2013\/12\/09-960x600.jpg\" alt=\"\" title=\"\" \/> <\/div> <div class=\"cycloneslider-slide cycloneslider-slide-image\" > <img decoding=\"async\" src=\"https:\/\/empuriaholidays.com\/wp-content\/uploads\/2013\/12\/22-960x600.jpg\" alt=\"\" title=\"\" \/> <\/div> <div class=\"cycloneslider-slide cycloneslider-slide-image\" > <img decoding=\"async\" src=\"https:\/\/empuriaholidays.com\/wp-content\/uploads\/2013\/06\/182-960x600.jpg\" alt=\"\" title=\"\" \/> <\/div> <div class=\"cycloneslider-slide cycloneslider-slide-image\" > <img decoding=\"async\" src=\"https:\/\/empuriaholidays.com\/wp-content\/uploads\/2013\/06\/152-960x600.jpg\" alt=\"\" title=\"\" \/> <\/div> <div class=\"cycloneslider-slide cycloneslider-slide-image\" > <img decoding=\"async\" src=\"https:\/\/empuriaholidays.com\/wp-content\/uploads\/2013\/06\/aptsardanatos-960x600.jpg\" alt=\"\" title=\"\" \/> <\/div> <\/div><div class=\"cycloneslider-prev\"><\/div><div class=\"cycloneslider-next\"><\/div><\/div><div id=\"cycloneslider-lasardana-1-pager\" class=\"cycloneslider-template-thumbnails cycloneslider-thumbnails\"\tstyle=\"max-width:960px\" ><ul class=\"clearfix\"> <li><img loading=\"lazy\" decoding=\"async\" src=\"https:\/\/empuriaholidays.com\/wp-content\/uploads\/2013\/08\/1-1-scaled-40x40.jpg\" width=\"40\" height=\"40\" alt=\"\" title=\"\" \/><\/li> <li><img loading=\"lazy\" decoding=\"async\" src=\"https:\/\/empuriaholidays.com\/wp-content\/uploads\/2013\/12\/09-40x40.jpg\" width=\"40\" height=\"40\" alt=\"\" title=\"\" \/><\/li> <li><img loading=\"lazy\" decoding=\"async\" src=\"https:\/\/empuriaholidays.com\/wp-content\/uploads\/2013\/12\/22-40x40.jpg\" width=\"40\" height=\"40\" alt=\"\" title=\"\" \/><\/li> <li><img loading=\"lazy\" decoding=\"async\" src=\"https:\/\/empuriaholidays.com\/wp-content\/uploads\/2013\/06\/182-40x40.jpg\" width=\"40\" height=\"40\" alt=\"\" title=\"\" \/><\/li> <li><img loading=\"lazy\" decoding=\"async\" src=\"https:\/\/empuriaholidays.com\/wp-content\/uploads\/2013\/06\/152-40x40.jpg\" width=\"40\" height=\"40\" alt=\"\" title=\"\" \/><\/li> <li><img loading=\"lazy\" decoding=\"async\" src=\"https:\/\/empuriaholidays.com\/wp-content\/uploads\/2013\/06\/aptsardanatos-40x40.jpg\" width=\"40\" height=\"40\" alt=\"\" title=\"\" \/><\/li> <\/ul><\/div>\n<hr \/>\n<h2>Descriptif<\/h2>\n<p>Les appartements \"La Sardana\" sont une option parfaite pour ceux qui ne veulent pas voyager en voiture pour aller \u00e0 la plage, car ils sont situ\u00e9s \u00e0 seulement 100 m. de la plage \"La Rubina\".<\/p>\n<p>\"La Rubina\" est l'une des plages ouvertes les plus charmantes du golfe de Roses dans la r\u00e9gion. Le tout est class\u00e9 parc naturel. Ici, vous pouvez voir la faune et les oiseaux indig\u00e8nes et migrateurs tels que les flamants roses. Un vrai privil\u00e8ge pour les amoureux de la nature.<\/p>\n<p>De plus dans cette m\u00eame plage il y a les acc\u00e8s, ainsi que des \u00e9coles, pour la pratique de la planche \u00e0 voile, du kitesurf ou de la voile l\u00e9g\u00e8re.<\/p>\n<p>De plus, le d\u00e9part de plusieurs pistes cyclables commence ou passe \u00e0 c\u00f4t\u00e9 de la \"Sardana\" et permet de profiter de l'environnement de mani\u00e8re saine et \u00e9cologique.<\/p>\n<p>Nous avons quatre appartements situ\u00e9s dans ce b\u00e2timent de trois \u00e9tages. Deux appartements situ\u00e9s au premier \u00e9tage et deux autres au deuxi\u00e8me. Tous les appartements sont \u00e9quip\u00e9s pour 5\/6 personnes.<\/p>\n<hr \/>\n<h2>Plan de situation<\/h2>\n<div class=\"Flexible-container\"><iframe loading=\"lazy\" src=\"https:\/\/mapsengine.google.com\/map\/u\/5\/embed?mid=zifJ4WBJTr0Q.kLsJUrrdMo5g\" width=\"800\" height=\"600\"><\/iframe><\/div>\n<p>&nbsp;<\/p>\n<hr \/>\n<h2>Nos appartements<\/h2>\n<p>Pour en savoir plus sur l'un de ces h\u00e9bergements, s\u00e9lectionnez-en un :<\/p>\n<div class='one_fourth'>\n\t\t\t\t\t<h3>Appartement 1-1 Norfeu<\/h3>\n<p><a href=\"..\/apartament-1-1-norfeu\/\"><img loading=\"lazy\" decoding=\"async\" class=\"aligncenter size-full wp-image-540\" src=\"http:\/\/www.empuriaholidays.com\/wp-content\/uploads\/2013\/06\/aprt1selecionat.jpg\" alt=\"aprt1selecionat\" width=\"1000\" height=\"700\" data-id=\"540\" \/><\/a>\n\t\t\t\t<\/div>\n<div class='one_fourth'>\n\t\t\t\t\t<h3>Appartement 1-2 Ithaque<\/h3>\n<p><a href=\"..\/apartament-1-2-itaca\/\"><img loading=\"lazy\" decoding=\"async\" class=\"aligncenter size-full wp-image-549\" src=\"http:\/\/www.empuriaholidays.com\/wp-content\/uploads\/2013\/12\/aprt2selecionat.jpg\" alt=\"aprt2selecionat\" width=\"1000\" height=\"700\" data-id=\"549\" \/><\/a>\n\t\t\t\t<\/div>\n<div class='one_fourth'>\n\t\t\t\t\t<h3>Appartement 2-1 Xixu<\/h3>\n<p><a href=\"..\/apartament-2-1-xixu\/\"><img loading=\"lazy\" decoding=\"async\" class=\"aligncenter size-full wp-image-540\" src=\"http:\/\/www.empuriaholidays.com\/wp-content\/uploads\/2013\/06\/aprt1selecionat.jpg\" alt=\"aprt1selecionat\" width=\"1000\" height=\"700\" data-id=\"540\" \/><\/a>\n\t\t\t\t<\/div>\n<div class='one_fourth et_column_last'>\n\t\t\t\t\t<h3>Appartement 2-2 Pi\u00e8ces<\/h3>\n<p><a href=\"..\/apartament-2-2-buc\/\"><img loading=\"lazy\" decoding=\"async\" class=\"aligncenter size-full wp-image-549\" src=\"http:\/\/www.empuriaholidays.com\/wp-content\/uploads\/2013\/12\/aprt2selecionat.jpg\" alt=\"aprt2selecionat\" width=\"1000\" height=\"700\" data-id=\"549\" \/><\/a>\n\t\t\t\t<\/div><div class='clear'><\/div>\n<hr \/>\n<a href='https:\/\/empuriaholidays.com\/cercador\/' class='big-button bigblue'>R\u00c9SERVER<\/a>\n","protected":false},"excerpt":{"rendered":"<p>Les appartements \"La Sardana\" sont un choix parfait pour ceux qui ne veulent pas voyager en voiture pour aller \u00e0 la plage.<\/p>\n","protected":false},"author":2,"featured_media":2046,"parent":0,"menu_order":0,"comment_status":"open","ping_status":"closed","template":"page-full.php","meta":{"_acf_changed":false,"footnotes":""},"class_list":["post-2430","page","type-page","status-publish","has-post-thumbnail","hentry"],"acf":[],"_links":{"self":[{"href":"https:\/\/empuriaholidays.com\/fr\/wp-json\/wp\/v2\/pages\/2430","targetHints":{"allow":["GET"]}}],"collection":[{"href":"https:\/\/empuriaholidays.com\/fr\/wp-json\/wp\/v2\/pages"}],"about":[{"href":"https:\/\/empuriaholidays.com\/fr\/wp-json\/wp\/v2\/types\/page"}],"author":[{"embeddable":true,"href":"https:\/\/empuriaholidays.com\/fr\/wp-json\/wp\/v2\/users\/2"}],"replies":[{"embeddable":true,"href":"https:\/\/empuriaholidays.com\/fr\/wp-json\/wp\/v2\/comments?post=2430"}],"version-history":[{"count":1,"href":"https:\/\/empuriaholidays.com\/fr\/wp-json\/wp\/v2\/pages\/2430\/revisions"}],"predecessor-version":[{"id":2656,"href":"https:\/\/empuriaholidays.com\/fr\/wp-json\/wp\/v2\/pages\/2430\/revisions\/2656"}],"wp:featuredmedia":[{"embeddable":true,"href":"https:\/\/empuriaholidays.com\/fr\/wp-json\/wp\/v2\/media\/2046"}],"wp:attachment":[{"href":"https:\/\/empuriaholidays.com\/fr\/wp-json\/wp\/v2\/media?parent=2430"}],"curies":[{"name":"wp","href":"https:\/\/api.w.org\/{rel}","templated":true}]}}