{"id":2332,"date":"2022-01-13T16:48:20","date_gmt":"2022-01-13T15:48:20","guid":{"rendered":"https:\/\/empuriaholidays.com\/casas-montgri\/"},"modified":"2022-02-21T14:48:37","modified_gmt":"2022-02-21T13:48:37","slug":"casas-montgri","status":"publish","type":"page","link":"https:\/\/empuriaholidays.com\/es\/casas-montgri\/","title":{"rendered":"Casas Montgr\u00ed"},"content":{"rendered":"<div class=\"cycloneslider cycloneslider-template-thumbnails cycloneslider-width-responsive\" id=\"cycloneslider-cases-montgri-1\" style=\"max-width:960px\" ><div class=\"cycloneslider-slides cycle-slideshow\"\tdata-cycle-allow-wrap=\"true\" data-cycle-dynamic-height=\"off\" data-cycle-auto-height=\"960:600\" data-cycle-auto-height-easing=\"null\" data-cycle-auto-height-speed=\"250\" data-cycle-delay=\"0\" data-cycle-easing=\"\" data-cycle-fx=\"fade\" data-cycle-hide-non-active=\"true\" data-cycle-log=\"false\" data-cycle-next=\"#cycloneslider-cases-montgri-1 .cycloneslider-next\" data-cycle-pager=\"#cycloneslider-cases-montgri-1 .cycloneslider-pager\" data-cycle-pause-on-hover=\"true\" data-cycle-prev=\"#cycloneslider-cases-montgri-1 .cycloneslider-prev\" data-cycle-slides=\"&gt; div\" data-cycle-speed=\"1000\" data-cycle-swipe=\"false\" data-cycle-tile-count=\"7\" data-cycle-tile-delay=\"100\" data-cycle-tile-vertical=\"true\" data-cycle-timeout=\"4000\"\t> <div class=\"cycloneslider-slide cycloneslider-slide-image\" > <img decoding=\"async\" src=\"https:\/\/empuriaholidays.com\/wp-content\/uploads\/2015\/12\/e03-960x600.jpg\" alt=\"\" title=\"\" \/> <\/div> <div class=\"cycloneslider-slide cycloneslider-slide-image\" > <img decoding=\"async\" src=\"https:\/\/empuriaholidays.com\/wp-content\/uploads\/2013\/08\/38-960x600.jpg\" alt=\"\" title=\"\" \/> <\/div> <div class=\"cycloneslider-slide cycloneslider-slide-image\" > <img decoding=\"async\" src=\"https:\/\/empuriaholidays.com\/wp-content\/uploads\/2013\/08\/39-960x600.jpg\" alt=\"\" title=\"\" \/> <\/div> <div class=\"cycloneslider-slide cycloneslider-slide-image\" > <img decoding=\"async\" src=\"https:\/\/empuriaholidays.com\/wp-content\/uploads\/2013\/08\/42-960x600.jpg\" alt=\"\" title=\"\" \/> <\/div> <div class=\"cycloneslider-slide cycloneslider-slide-image\" > <img decoding=\"async\" src=\"https:\/\/empuriaholidays.com\/wp-content\/uploads\/2013\/08\/43-960x600.jpg\" alt=\"\" title=\"\" \/> <\/div> <\/div><div class=\"cycloneslider-prev\"><\/div><div class=\"cycloneslider-next\"><\/div><\/div><div id=\"cycloneslider-cases-montgri-1-pager\" class=\"cycloneslider-template-thumbnails cycloneslider-thumbnails\"\tstyle=\"max-width:960px\" ><ul class=\"clearfix\"> <li><img loading=\"lazy\" decoding=\"async\" src=\"https:\/\/empuriaholidays.com\/wp-content\/uploads\/2015\/12\/e03-40x40.jpg\" width=\"40\" height=\"40\" alt=\"\" title=\"\" \/><\/li> <li><img loading=\"lazy\" decoding=\"async\" src=\"https:\/\/empuriaholidays.com\/wp-content\/uploads\/2013\/08\/38-40x40.jpg\" width=\"40\" height=\"40\" alt=\"\" title=\"\" \/><\/li> <li><img loading=\"lazy\" decoding=\"async\" src=\"https:\/\/empuriaholidays.com\/wp-content\/uploads\/2013\/08\/39-40x40.jpg\" width=\"40\" height=\"40\" alt=\"\" title=\"\" \/><\/li> <li><img loading=\"lazy\" decoding=\"async\" src=\"https:\/\/empuriaholidays.com\/wp-content\/uploads\/2013\/08\/42-40x40.jpg\" width=\"40\" height=\"40\" alt=\"\" title=\"\" \/><\/li> <li><img loading=\"lazy\" decoding=\"async\" src=\"https:\/\/empuriaholidays.com\/wp-content\/uploads\/2013\/08\/43-40x40.jpg\" width=\"40\" height=\"40\" alt=\"\" title=\"\" \/><\/li> <\/ul><\/div>\n<hr \/>\n<h2>Descripci\u00f3n<\/h2>\n<p>El conjunto de Montgr\u00ed est\u00e1 situado en un enclave pr\u00f3ximo a los comercios, zonas de ocio y en la playa de Empuriabrava, de caracter\u00edsticas mucho m\u00e1s urbanas y con m\u00e1s instal\u2022lacions por el turismo que sus hermanas m\u00e1s \u201csalvajes\u201d.<br \/>\nPor estas caracter\u00edsticas es ideal para familias con ni\u00f1os peque\u00f1os, practicantes de deportes acu\u00e1ticos, por los que no deseen coger el coche o simplemente para quien prefiere una casa a un apartamento.<br \/>\nLas casas de Montgr\u00ed sue\u00f1o un conjunto de tres casas mitjaneres y dos cantoneras, todas ellas con patio delantero donde poder disfrutar de la tranquilo\u2022litat de esta zona situada en una calle sin salida. Todas las casas est\u00e1n equipadas para 5\/6 personas.<br \/>\nEl conjunto dispone de zona ajardinada comunitaria en la que se puede hacer os de una ducha exterior y de una barbacoa de obra.<\/p>\n<hr \/>\n<h2>Mapa ubicaci\u00f3n<\/h2>\n<div class=\"Flexible-container\"><iframe loading=\"lazy\" src=\"https:\/\/mapsengine.google.com\/map\/u\/5\/embed?mid=zifJ4WBJTr0Q.kLsJUrrdMo5g\" width=\"800\" height=\"600\"><\/iframe><\/div>\n<hr \/>\n<h2>Nuestras casas<\/h2>\n<p>Para conocer m\u00e1s detalles sobre uno de los alojamientos en concreto seleccione un de ellos:<br \/>\n<div class='one_fourth fifth'>\n\t\t\t\t\t<h3>Casa Ginesta<\/h3>\n<p><a href=\"https:\/\/empuriaholidays.com\/es\/casa-i-ginesta\/\" rel=\"attachment wp-att-749\"><img loading=\"lazy\" decoding=\"async\" class=\"alignnone size-thumbnail wp-image-749\" title=\"totes-les-casesmarcantcasa1\" src=\"http:\/\/www.empuriaholidays.com\/wp-content\/uploads\/2013\/03\/totes-les-casesmarcantcasa1-150x150.jpg\" alt=\"totes-les-casesmarcantcasa1\" width=\"150\" height=\"150\" srcset=\"https:\/\/empuriaholidays.com\/wp-content\/uploads\/2013\/03\/totes-les-casesmarcantcasa1-150x150.jpg 150w, https:\/\/empuriaholidays.com\/wp-content\/uploads\/2013\/03\/totes-les-casesmarcantcasa1-300x300.jpg 300w\" sizes=\"auto, (max-width: 150px) 100vw, 150px\" \/><\/a>\n\t\t\t\t<\/div><div class='one_fourth fifth'>\n\t\t\t\t\t<h3>Casa Gr\u00e8vol<\/h3>\n<p><a href=\"https:\/\/empuriaholidays.com\/es\/casa-ii-grevol\/\" rel=\"attachment wp-att-745\"><img loading=\"lazy\" decoding=\"async\" class=\"alignnone size-thumbnail wp-image-745\" title=\"totes-les-casesmarcantcasa2\" src=\"http:\/\/www.empuriaholidays.com\/wp-content\/uploads\/2013\/03\/totes-les-casesmarcantcasa2-150x150.jpg\" alt=\"totes-les-casesmarcantcasa2\" width=\"150\" height=\"150\" srcset=\"https:\/\/empuriaholidays.com\/wp-content\/uploads\/2013\/03\/totes-les-casesmarcantcasa2-150x150.jpg 150w, https:\/\/empuriaholidays.com\/wp-content\/uploads\/2013\/03\/totes-les-casesmarcantcasa2-300x300.jpg 300w\" sizes=\"auto, (max-width: 150px) 100vw, 150px\" \/><\/a>\n\t\t\t\t<\/div><div class='one_fourth fifth'>\n\t\t\t\t\t<h3>Casa Roman\u00ed<\/h3>\n<p><a href=\"https:\/\/empuriaholidays.com\/es\/casa-iii-romani\/\" rel=\"attachment wp-att-746\"><img loading=\"lazy\" decoding=\"async\" class=\"alignnone size-thumbnail wp-image-746\" title=\"totes-les-casesmarcantcasa3\" src=\"http:\/\/www.empuriaholidays.com\/wp-content\/uploads\/2013\/03\/totes-les-casesmarcantcasa3-150x150.jpg\" alt=\"totes-les-casesmarcantcasa3\" width=\"150\" height=\"150\" srcset=\"https:\/\/empuriaholidays.com\/wp-content\/uploads\/2013\/03\/totes-les-casesmarcantcasa3-150x150.jpg 150w, https:\/\/empuriaholidays.com\/wp-content\/uploads\/2013\/03\/totes-les-casesmarcantcasa3-300x300.jpg 300w\" sizes=\"auto, (max-width: 150px) 100vw, 150px\" \/><\/a>\n\t\t\t\t<\/div><div class='one_fourth fifth'>\n\t\t\t\t\t<h3>Casa Margarita<\/h3>\n<p><a href=\"https:\/\/empuriaholidays.com\/es\/casa-iv-margarita\/\" rel=\"attachment wp-att-747\"><img loading=\"lazy\" decoding=\"async\" class=\"alignnone size-thumbnail wp-image-747\" title=\"totes-les-casesmarcantcasa4\" src=\"http:\/\/www.empuriaholidays.com\/wp-content\/uploads\/2013\/03\/totes-les-casesmarcantcasa4-150x150.jpg\" alt=\"totes-les-casesmarcantcasa4\" width=\"150\" height=\"150\" srcset=\"https:\/\/empuriaholidays.com\/wp-content\/uploads\/2013\/03\/totes-les-casesmarcantcasa4-150x150.jpg 150w, https:\/\/empuriaholidays.com\/wp-content\/uploads\/2013\/03\/totes-les-casesmarcantcasa4-300x300.jpg 300w\" sizes=\"auto, (max-width: 150px) 100vw, 150px\" \/><\/a>\n\t\t\t\t<\/div><div class='one_fourth et_column_last fifth'>\n\t\t\t\t\t<h3>Casa Farigola<\/h3>\n<p><a href=\"https:\/\/empuriaholidays.com\/es\/casa-v-farigola\/\" rel=\"attachment wp-att-748\"><img loading=\"lazy\" decoding=\"async\" class=\"alignnone size-thumbnail wp-image-748\" title=\"totes-les-casesmarcantcasa5\" src=\"http:\/\/www.empuriaholidays.com\/wp-content\/uploads\/2013\/03\/totes-les-casesmarcantcasa5-150x150.jpg\" alt=\"totes-les-casesmarcantcasa5\" width=\"150\" height=\"150\" srcset=\"https:\/\/empuriaholidays.com\/wp-content\/uploads\/2013\/03\/totes-les-casesmarcantcasa5-150x150.jpg 150w, https:\/\/empuriaholidays.com\/wp-content\/uploads\/2013\/03\/totes-les-casesmarcantcasa5-300x300.jpg 300w\" sizes=\"auto, (max-width: 150px) 100vw, 150px\" \/><\/a>\n\t\t\t\t<\/div><div class='clear'><\/div><\/p>\n<hr \/>\n<a href='https:\/\/empuriaholidays.com\/cercador\/' class='big-button bigblue'>RESERVAR<\/a>\n","protected":false},"excerpt":{"rendered":"<p>El conjunto de Montgr\u00ed est\u00e1 situado en un enclau pr\u00f3ximo a los comercios, zonas de ocio y en la playa de Empuriabrava...<\/p>\n","protected":false},"author":2,"featured_media":1564,"parent":0,"menu_order":0,"comment_status":"open","ping_status":"closed","template":"page-full.php","meta":{"_acf_changed":false,"footnotes":""},"class_list":["post-2332","page","type-page","status-publish","has-post-thumbnail","hentry"],"acf":[],"_links":{"self":[{"href":"https:\/\/empuriaholidays.com\/es\/wp-json\/wp\/v2\/pages\/2332","targetHints":{"allow":["GET"]}}],"collection":[{"href":"https:\/\/empuriaholidays.com\/es\/wp-json\/wp\/v2\/pages"}],"about":[{"href":"https:\/\/empuriaholidays.com\/es\/wp-json\/wp\/v2\/types\/page"}],"author":[{"embeddable":true,"href":"https:\/\/empuriaholidays.com\/es\/wp-json\/wp\/v2\/users\/2"}],"replies":[{"embeddable":true,"href":"https:\/\/empuriaholidays.com\/es\/wp-json\/wp\/v2\/comments?post=2332"}],"version-history":[{"count":1,"href":"https:\/\/empuriaholidays.com\/es\/wp-json\/wp\/v2\/pages\/2332\/revisions"}],"predecessor-version":[{"id":2650,"href":"https:\/\/empuriaholidays.com\/es\/wp-json\/wp\/v2\/pages\/2332\/revisions\/2650"}],"wp:featuredmedia":[{"embeddable":true,"href":"https:\/\/empuriaholidays.com\/es\/wp-json\/wp\/v2\/media\/1564"}],"wp:attachment":[{"href":"https:\/\/empuriaholidays.com\/es\/wp-json\/wp\/v2\/media?parent=2332"}],"curies":[{"name":"wp","href":"https:\/\/api.w.org\/{rel}","templated":true}]}}