{"id":2331,"date":"2022-01-13T16:46:20","date_gmt":"2022-01-13T15:46:20","guid":{"rendered":"https:\/\/empuriaholidays.com\/apartamentos-la-sardana\/"},"modified":"2022-02-21T14:51:55","modified_gmt":"2022-02-21T13:51:55","slug":"apartamentos-la-sardana","status":"publish","type":"page","link":"https:\/\/empuriaholidays.com\/es\/apartamentos-la-sardana\/","title":{"rendered":"Apartamentos la Sardana"},"content":{"rendered":"<div class=\"cycloneslider cycloneslider-template-thumbnails cycloneslider-width-responsive\" id=\"cycloneslider-lasardana-1\" style=\"max-width:960px\" ><div class=\"cycloneslider-slides cycle-slideshow\"\tdata-cycle-allow-wrap=\"true\" data-cycle-dynamic-height=\"off\" data-cycle-auto-height=\"960:600\" data-cycle-auto-height-easing=\"null\" data-cycle-auto-height-speed=\"250\" data-cycle-delay=\"0\" data-cycle-easing=\"\" data-cycle-fx=\"fade\" data-cycle-hide-non-active=\"true\" data-cycle-log=\"false\" data-cycle-next=\"#cycloneslider-lasardana-1 .cycloneslider-next\" data-cycle-pager=\"#cycloneslider-lasardana-1 .cycloneslider-pager\" data-cycle-pause-on-hover=\"true\" data-cycle-prev=\"#cycloneslider-lasardana-1 .cycloneslider-prev\" data-cycle-slides=\"&gt; div\" data-cycle-speed=\"1000\" data-cycle-swipe=\"false\" data-cycle-tile-count=\"7\" data-cycle-tile-delay=\"100\" data-cycle-tile-vertical=\"true\" data-cycle-timeout=\"4000\"\t> <div class=\"cycloneslider-slide cycloneslider-slide-image\" > <img decoding=\"async\" src=\"https:\/\/empuriaholidays.com\/wp-content\/uploads\/2013\/08\/1-1-scaled-960x600.jpg\" alt=\"\" title=\"\" \/> <\/div> <div class=\"cycloneslider-slide cycloneslider-slide-image\" > <img decoding=\"async\" src=\"https:\/\/empuriaholidays.com\/wp-content\/uploads\/2013\/12\/09-960x600.jpg\" alt=\"\" title=\"\" \/> <\/div> <div class=\"cycloneslider-slide cycloneslider-slide-image\" > <img decoding=\"async\" src=\"https:\/\/empuriaholidays.com\/wp-content\/uploads\/2013\/12\/22-960x600.jpg\" alt=\"\" title=\"\" \/> <\/div> <div class=\"cycloneslider-slide cycloneslider-slide-image\" > <img decoding=\"async\" src=\"https:\/\/empuriaholidays.com\/wp-content\/uploads\/2013\/06\/182-960x600.jpg\" alt=\"\" title=\"\" \/> <\/div> <div class=\"cycloneslider-slide cycloneslider-slide-image\" > <img decoding=\"async\" src=\"https:\/\/empuriaholidays.com\/wp-content\/uploads\/2013\/06\/152-960x600.jpg\" alt=\"\" title=\"\" \/> <\/div> <div class=\"cycloneslider-slide cycloneslider-slide-image\" > <img decoding=\"async\" src=\"https:\/\/empuriaholidays.com\/wp-content\/uploads\/2013\/06\/aptsardanatos-960x600.jpg\" alt=\"\" title=\"\" \/> <\/div> <\/div><div class=\"cycloneslider-prev\"><\/div><div class=\"cycloneslider-next\"><\/div><\/div><div id=\"cycloneslider-lasardana-1-pager\" class=\"cycloneslider-template-thumbnails cycloneslider-thumbnails\"\tstyle=\"max-width:960px\" ><ul class=\"clearfix\"> <li><img loading=\"lazy\" decoding=\"async\" src=\"https:\/\/empuriaholidays.com\/wp-content\/uploads\/2013\/08\/1-1-scaled-40x40.jpg\" width=\"40\" height=\"40\" alt=\"\" title=\"\" \/><\/li> <li><img loading=\"lazy\" decoding=\"async\" src=\"https:\/\/empuriaholidays.com\/wp-content\/uploads\/2013\/12\/09-40x40.jpg\" width=\"40\" height=\"40\" alt=\"\" title=\"\" \/><\/li> <li><img loading=\"lazy\" decoding=\"async\" src=\"https:\/\/empuriaholidays.com\/wp-content\/uploads\/2013\/12\/22-40x40.jpg\" width=\"40\" height=\"40\" alt=\"\" title=\"\" \/><\/li> <li><img loading=\"lazy\" decoding=\"async\" src=\"https:\/\/empuriaholidays.com\/wp-content\/uploads\/2013\/06\/182-40x40.jpg\" width=\"40\" height=\"40\" alt=\"\" title=\"\" \/><\/li> <li><img loading=\"lazy\" decoding=\"async\" src=\"https:\/\/empuriaholidays.com\/wp-content\/uploads\/2013\/06\/152-40x40.jpg\" width=\"40\" height=\"40\" alt=\"\" title=\"\" \/><\/li> <li><img loading=\"lazy\" decoding=\"async\" src=\"https:\/\/empuriaholidays.com\/wp-content\/uploads\/2013\/06\/aptsardanatos-40x40.jpg\" width=\"40\" height=\"40\" alt=\"\" title=\"\" \/><\/li> <\/ul><\/div>\n<hr \/>\n<h2>Descripci\u00f3n<\/h2>\n<p>Los apartamentos \"La Sardana\" son una opci\u00f3n perfecta para quien no quiere desplazarse en coche para ir a la playa, puesto que est\u00e1n situados a escasos 100m. de la playa \"La Rubina\".<\/p>\n<p>\"La Rubina\" es una de las playas abiertas al Golf de Roses con m\u00e1s encanto de la zona. Toda ella est\u00e1 catalogada como parque natural. Aqu\u00ed podr\u00e1 divisar fauna y aves aut\u00f3ctonas o de migraci\u00f3n como los flamencos. Un aut\u00e9ntico privilegio para los amantes de la natura.<\/p>\n<p>Adem\u00e1s en esta misma playa dispone de los accesos, as\u00ed como escuelas, para la pr\u00e1ctica del windsurf, kitesurf o vela ligera.<\/p>\n<p>Tambi\u00e9n el inicio de varias rutas en bicicleta empiezan o pasan por el lado de la \u201cSardana\u201d y permiten disfrutar del entorno de forma sana y ecol\u00f3gica.<\/p>\n<p>Disponemos de cuatro apartamentos situados en este edificio de tres plantas. Dos apartamentos situados a la primera planta y dos m\u00e1s a la segunda. Todos los apartamentos est\u00e1n equipados para 5\/6 personas.<\/p>\n<hr \/>\n<h2>Mapa ubicaci\u00f3n<\/h2>\n<div class=\"Flexible-container\"><iframe loading=\"lazy\" src=\"https:\/\/mapsengine.google.com\/map\/u\/5\/embed?mid=zifJ4WBJTr0Q.kLsJUrrdMo5g\" width=\"800\" height=\"600\"><\/iframe><\/div>\n<hr \/>\n<h2>Nuestros apartamentos<\/h2>\n<p>Para conocer m\u00e1s detalles sobre uno de los alojamientos en concreto seleccione un de ellos:<\/p>\n<div class='one_fourth'>\n\t\t\t\t\t<h3>Apartamento 1-1 Norfeu<\/h3>\n<p><a href=\"..\/apartament-1-1-norfeu\/\"><img loading=\"lazy\" decoding=\"async\" class=\"aligncenter size-full wp-image-540\" src=\"http:\/\/www.empuriaholidays.com\/wp-content\/uploads\/2013\/06\/aprt1selecionat.jpg\" alt=\"aprt1selecionat\" width=\"1000\" height=\"700\" data-id=\"540\" \/><\/a>\n\t\t\t\t<\/div>\n<div class='one_fourth'>\n\t\t\t\t\t<h3>Apartamento 1-2 Itaca<\/h3>\n<p><a href=\"..\/apartament-1-2-itaca\/\"><img loading=\"lazy\" decoding=\"async\" class=\"aligncenter size-full wp-image-549\" src=\"http:\/\/www.empuriaholidays.com\/wp-content\/uploads\/2013\/12\/aprt2selecionat.jpg\" alt=\"aprt2selecionat\" width=\"1000\" height=\"700\" data-id=\"549\" \/><\/a>\n\t\t\t\t<\/div>\n<div class='one_fourth'>\n\t\t\t\t\t<h3>Apartamento 2-1 Xixu<\/h3>\n<p><a href=\"..\/apartament-2-1-xixu\/\"><img loading=\"lazy\" decoding=\"async\" class=\"aligncenter size-full wp-image-540\" src=\"http:\/\/www.empuriaholidays.com\/wp-content\/uploads\/2013\/06\/aprt1selecionat.jpg\" alt=\"aprt1selecionat\" width=\"1000\" height=\"700\" data-id=\"540\" \/><\/a>\n\t\t\t\t<\/div>\n<div class='one_fourth et_column_last'>\n\t\t\t\t\t<h3>Apartamento 2-2 Buque<\/h3>\n<p><a href=\"..\/apartament-2-2-buc\/\"><img loading=\"lazy\" decoding=\"async\" class=\"aligncenter size-full wp-image-549\" src=\"http:\/\/www.empuriaholidays.com\/wp-content\/uploads\/2013\/12\/aprt2selecionat.jpg\" alt=\"aprt2selecionat\" width=\"1000\" height=\"700\" data-id=\"549\" \/><\/a>\n\t\t\t\t<\/div><div class='clear'><\/div>\n<hr \/>\n<a href='https:\/\/empuriaholidays.com\/cercador\/' class='big-button bigblue'>RESERVAR<\/a>\n","protected":false},"excerpt":{"rendered":"<p>Los apartamentos \"La Sardana\" son una opci\u00f3n perfecta para quien no quiere desplazarse en coche para ir a la playa.<\/p>\n","protected":false},"author":2,"featured_media":2048,"parent":0,"menu_order":0,"comment_status":"open","ping_status":"closed","template":"page-full.php","meta":{"_acf_changed":false,"footnotes":""},"class_list":["post-2331","page","type-page","status-publish","has-post-thumbnail","hentry"],"acf":[],"_links":{"self":[{"href":"https:\/\/empuriaholidays.com\/es\/wp-json\/wp\/v2\/pages\/2331","targetHints":{"allow":["GET"]}}],"collection":[{"href":"https:\/\/empuriaholidays.com\/es\/wp-json\/wp\/v2\/pages"}],"about":[{"href":"https:\/\/empuriaholidays.com\/es\/wp-json\/wp\/v2\/types\/page"}],"author":[{"embeddable":true,"href":"https:\/\/empuriaholidays.com\/es\/wp-json\/wp\/v2\/users\/2"}],"replies":[{"embeddable":true,"href":"https:\/\/empuriaholidays.com\/es\/wp-json\/wp\/v2\/comments?post=2331"}],"version-history":[{"count":1,"href":"https:\/\/empuriaholidays.com\/es\/wp-json\/wp\/v2\/pages\/2331\/revisions"}],"predecessor-version":[{"id":2655,"href":"https:\/\/empuriaholidays.com\/es\/wp-json\/wp\/v2\/pages\/2331\/revisions\/2655"}],"wp:featuredmedia":[{"embeddable":true,"href":"https:\/\/empuriaholidays.com\/es\/wp-json\/wp\/v2\/media\/2048"}],"wp:attachment":[{"href":"https:\/\/empuriaholidays.com\/es\/wp-json\/wp\/v2\/media?parent=2331"}],"curies":[{"name":"wp","href":"https:\/\/api.w.org\/{rel}","templated":true}]}}