{"id":2330,"date":"2022-01-13T16:44:25","date_gmt":"2022-01-13T15:44:25","guid":{"rendered":"https:\/\/empuriaholidays.com\/presentacion\/"},"modified":"2023-04-03T11:51:28","modified_gmt":"2023-04-03T09:51:28","slug":"presentacion","status":"publish","type":"page","link":"https:\/\/empuriaholidays.com\/es\/presentacion\/","title":{"rendered":"Presentaci\u00f3n"},"content":{"rendered":"<p><span class=\"jCAhz ChMk0b\"><span class=\"ryNqvb\">Bienvenido a la web de Empuriaholidays!<\/span><\/span><\/p>\n<p><span class=\"jCAhz ChMk0b\"><span class=\"ryNqvb\">Como negocio familiar que nos dedicamos a alojar visitantes desde hace m\u00e1s de 40 a\u00f1os y dos generaciones es<\/span><\/span><img loading=\"lazy\" decoding=\"async\" class=\"alignright wp-image-2913 size-medium\" src=\"https:\/\/empuriaholidays.com\/wp-content\/uploads\/2023\/04\/montgri-i-Sardana-1-300x300.png\" alt=\"\" width=\"300\" height=\"300\" data-id=\"2913\" srcset=\"https:\/\/empuriaholidays.com\/wp-content\/uploads\/2023\/04\/montgri-i-Sardana-1-300x300.png 300w, https:\/\/empuriaholidays.com\/wp-content\/uploads\/2023\/04\/montgri-i-Sardana-1-150x150.png 150w, https:\/\/empuriaholidays.com\/wp-content\/uploads\/2023\/04\/montgri-i-Sardana-1-768x767.png 768w, https:\/\/empuriaholidays.com\/wp-content\/uploads\/2023\/04\/montgri-i-Sardana-1-50x50.png 50w, https:\/\/empuriaholidays.com\/wp-content\/uploads\/2023\/04\/montgri-i-Sardana-1-49x49.png 49w, https:\/\/empuriaholidays.com\/wp-content\/uploads\/2023\/04\/montgri-i-Sardana-1-184x184.png 184w, https:\/\/empuriaholidays.com\/wp-content\/uploads\/2023\/04\/montgri-i-Sardana-1.png 800w\" sizes=\"auto, (max-width: 300px) 100vw, 300px\" \/><span class=\"jCAhz ChMk0b\"><span class=\"ryNqvb\">tamos encantados de poder ofrecerle dos alojamientos \u00fanicos en Empuriabrava:<\/span><\/span>\u00a0<span class=\"jCAhz ChMk0b\"><span class=\"ryNqvb\">los apartamentos \"La Sardana\" y las casas \"Montgr\u00ed\".<\/span><\/span><\/p>\n<p><span class=\"jCAhz ChMk0b\"><span class=\"ryNqvb\">Los apartamentos \"La Sardana\" son la elecci\u00f3n perfecta para aquellos que buscan estar cerca de la playa y disfrutar de vistas espectaculares a los canales de Empuriabrava.<\/span><\/span> <span class=\"jCAhz ChMk0b\"><span class=\"ryNqvb\">Por otra parte, las casas \"Montgr\u00ed\" disponen de patios delanteros y\/o zonas ajardinadas, lo que las hace ideales para las familias con ni\u00f1os que buscan un espacio seguro y agradable para disfrutar de unas vacaciones relajantes.<\/span><\/span><\/p>\n<p><span class=\"jCAhz ChMk0b\"><span class=\"ryNqvb\">El Alt Empord\u00e0 ofrece una gran variedad de actividades para los amantes de la historia, el arte, los deportes de aventura, el golf y las actividades al aire libre.<\/span><\/span> <span class=\"jCAhz ChMk0b\"><span class=\"ryNqvb\">Podr\u00e1s visitar la abad\u00eda de San Pedro de Rodas y el Museo Dal\u00ed en Figueres, jugar al golf en campos de primera clase, realizar senderismo, escalar y ciclismo de monta\u00f1a, as\u00ed como disfrutar de las playas de la Costa Brava.<\/span><\/span><\/p>\n<p><span class=\"jCAhz ChMk0b\"><span class=\"ryNqvb\">Agradecemos sinceramente que haya considerado nuestra opci\u00f3n de alojamiento tur\u00edstico en Empuriabrava.<\/span><\/span> <span class=\"jCAhz ChMk0b\"><span class=\"ryNqvb\">\u00a1Esperamos veros pronto!<\/span><\/span><\/p>\n","protected":false},"excerpt":{"rendered":"<p>Bienvenido a la web de Empuriaholidays! Como negocio familiar que nos dedicamos a alojar visitantes desde hace m\u00e1s de 40 a\u00f1os y dos generaciones estamos encantados de poder ofrecerle dos alojamientos \u00fanicos en Empuriabrava:\u00a0los apartamentos \"La Sardana\" y las casas \"Montgr\u00ed\". Los apartamentos \"La Sardana\" son la elecci\u00f3n perfecta para aquellos que buscan estar cerca [&hellip;]<\/p>\n","protected":false},"author":2,"featured_media":0,"parent":0,"menu_order":0,"comment_status":"open","ping_status":"closed","template":"page-full.php","meta":{"_acf_changed":false,"footnotes":""},"class_list":["post-2330","page","type-page","status-publish","hentry"],"acf":[],"_links":{"self":[{"href":"https:\/\/empuriaholidays.com\/es\/wp-json\/wp\/v2\/pages\/2330","targetHints":{"allow":["GET"]}}],"collection":[{"href":"https:\/\/empuriaholidays.com\/es\/wp-json\/wp\/v2\/pages"}],"about":[{"href":"https:\/\/empuriaholidays.com\/es\/wp-json\/wp\/v2\/types\/page"}],"author":[{"embeddable":true,"href":"https:\/\/empuriaholidays.com\/es\/wp-json\/wp\/v2\/users\/2"}],"replies":[{"embeddable":true,"href":"https:\/\/empuriaholidays.com\/es\/wp-json\/wp\/v2\/comments?post=2330"}],"version-history":[{"count":2,"href":"https:\/\/empuriaholidays.com\/es\/wp-json\/wp\/v2\/pages\/2330\/revisions"}],"predecessor-version":[{"id":2921,"href":"https:\/\/empuriaholidays.com\/es\/wp-json\/wp\/v2\/pages\/2330\/revisions\/2921"}],"wp:attachment":[{"href":"https:\/\/empuriaholidays.com\/es\/wp-json\/wp\/v2\/media?parent=2330"}],"curies":[{"name":"wp","href":"https:\/\/api.w.org\/{rel}","templated":true}]}}