{"id":2923,"date":"2023-04-03T11:54:29","date_gmt":"2023-04-03T09:54:29","guid":{"rendered":"https:\/\/empuriaholidays.com\/einfuehrung\/"},"modified":"2023-04-03T11:54:29","modified_gmt":"2023-04-03T09:54:29","slug":"einfuehrung","status":"publish","type":"page","link":"https:\/\/empuriaholidays.com\/de\/einfuehrung\/","title":{"rendered":"Einf\u00fchrung"},"content":{"rendered":"<p>Willkommen auf der Website von Empuriaholidays!<\/p>\n<p>Als Familienunternehmen, das seit mehr als 40 Jahren und zwei Generationen G\u00e4ste beherbergt, freuen wir uns, Ihnen zwei einzigartige Unterk\u00fcnfte in Empuriabrava anbieten zu k\u00f6nnen:<img loading=\"lazy\" decoding=\"async\" class=\"alignright wp-image-2913 size-medium\" src=\"https:\/\/empuriaholidays.com\/wp-content\/uploads\/2023\/04\/montgri-i-Sardana-1-300x300.png\" alt=\"\" width=\"300\" height=\"300\" data-id=\"2913\" srcset=\"https:\/\/empuriaholidays.com\/wp-content\/uploads\/2023\/04\/montgri-i-Sardana-1-300x300.png 300w, https:\/\/empuriaholidays.com\/wp-content\/uploads\/2023\/04\/montgri-i-Sardana-1-150x150.png 150w, https:\/\/empuriaholidays.com\/wp-content\/uploads\/2023\/04\/montgri-i-Sardana-1-768x767.png 768w, https:\/\/empuriaholidays.com\/wp-content\/uploads\/2023\/04\/montgri-i-Sardana-1-50x50.png 50w, https:\/\/empuriaholidays.com\/wp-content\/uploads\/2023\/04\/montgri-i-Sardana-1-49x49.png 49w, https:\/\/empuriaholidays.com\/wp-content\/uploads\/2023\/04\/montgri-i-Sardana-1-184x184.png 184w, https:\/\/empuriaholidays.com\/wp-content\/uploads\/2023\/04\/montgri-i-Sardana-1.png 800w\" sizes=\"auto, (max-width: 300px) 100vw, 300px\" \/>die Wohnungen \"La Sardana\" und die H\u00e4user \"Montgr\u00ed\".<\/p>\n<p>Die Wohnungen \"La Sardana\" sind die perfekte Wahl f\u00fcr diejenigen, die die N\u00e4he zum Strand suchen und einen spektakul\u00e4ren Blick auf die Kan\u00e4le von Empuriabrava genie\u00dfen m\u00f6chten. Die \"Montgr\u00ed\"-H\u00e4user hingegen verf\u00fcgen \u00fcber eine Terrasse und\/oder einen Garten, was sie ideal f\u00fcr Familien mit Kindern macht, die einen sicheren und angenehmen Ort f\u00fcr einen entspannten Urlaub suchen.<\/p>\n<p>Das Alt Empord\u00e0 bietet eine Vielzahl von Aktivit\u00e4ten f\u00fcr Liebhaber von Geschichte, Kunst, Abenteuersportarten, Golf und Outdoor-Aktivit\u00e4ten. Sie k\u00f6nnen die Abtei Sant Pere de Rodes und das Dal\u00ed-Museum in Figueres besuchen, auf erstklassigen Pl\u00e4tzen Golf spielen, wandern, klettern und Mountainbike fahren sowie die Str\u00e4nde der Costa Brava genie\u00dfen.<\/p>\n<p>Wir bedanken uns herzlich f\u00fcr Ihr Interesse an unserem Angebot an Ferienunterk\u00fcnften in Empuriabrava und hoffen, Sie bald wiederzusehen!<\/p>\n","protected":false},"excerpt":{"rendered":"<p>Willkommen auf der Website von Empuriaholidays! Als Familienunternehmen, das seit mehr als 40 Jahren und zwei Generationen G\u00e4ste beherbergt, freuen wir uns, Ihnen zwei einzigartige Unterk\u00fcnfte in Empuriabrava anbieten zu k\u00f6nnen:die Wohnungen \"La Sardana\" und die H\u00e4user \"Montgr\u00ed\". Die Wohnungen \"La Sardana\" sind die perfekte Wahl f\u00fcr diejenigen, die die N\u00e4he zum Strand suchen und [&hellip;]<\/p>\n","protected":false},"author":2,"featured_media":0,"parent":0,"menu_order":0,"comment_status":"open","ping_status":"closed","template":"page-full.php","meta":{"_acf_changed":false,"footnotes":""},"class_list":["post-2923","page","type-page","status-publish","hentry"],"acf":[],"_links":{"self":[{"href":"https:\/\/empuriaholidays.com\/de\/wp-json\/wp\/v2\/pages\/2923","targetHints":{"allow":["GET"]}}],"collection":[{"href":"https:\/\/empuriaholidays.com\/de\/wp-json\/wp\/v2\/pages"}],"about":[{"href":"https:\/\/empuriaholidays.com\/de\/wp-json\/wp\/v2\/types\/page"}],"author":[{"embeddable":true,"href":"https:\/\/empuriaholidays.com\/de\/wp-json\/wp\/v2\/users\/2"}],"replies":[{"embeddable":true,"href":"https:\/\/empuriaholidays.com\/de\/wp-json\/wp\/v2\/comments?post=2923"}],"version-history":[{"count":0,"href":"https:\/\/empuriaholidays.com\/de\/wp-json\/wp\/v2\/pages\/2923\/revisions"}],"wp:attachment":[{"href":"https:\/\/empuriaholidays.com\/de\/wp-json\/wp\/v2\/media?parent=2923"}],"curies":[{"name":"wp","href":"https:\/\/api.w.org\/{rel}","templated":true}]}}