{"id":2753,"date":"2022-05-24T11:43:34","date_gmt":"2022-05-24T09:43:34","guid":{"rendered":"https:\/\/empuriaholidays.com\/termes-i-condicions\/"},"modified":"2023-02-23T22:49:55","modified_gmt":"2023-02-23T21:49:55","slug":"termes-i-condicions","status":"publish","type":"page","link":"https:\/\/empuriaholidays.com\/de\/termes-i-condicions\/","title":{"rendered":"Allgemeine Mietbedingungen"},"content":{"rendered":"<p>Dieser Vertrag wird mit den gew\u00f6hnlichen und \/ oder besonderen Bedingungen gem\u00e4\u00df dem geltenden Recht abgeschlossen, das auf diese Angelegenheit angewendet wird. Der Mieter verpflichtet sich, alle allgemeinen Bedingungen einzuhalten, unter Strafe der Geltendmachung von Schadensersatz und \/ oder Zinsen und bis zur Beendigung desselben Vertrags ohne jegliche Mietminderung.<\/p>\n<ol>\n<li>Bitte beachten Sie, dass die Ankunftszeit von 15:00 bis sp\u00e4testens 18:00 Uhr erfolgt. Check-out ist sp\u00e4testens um 10:00 Uhr.<\/li>\n<li>Stornierungsbedingungen: Der Betrag der Reservierung ist nicht erstattungsf\u00e4hig<\/li>\n<li>Wenn der Mieter nicht w\u00e4hrend der geplanten Ankunftszeiten (von 15:00 bis 18:00 Uhr) am Anreisetag erscheint und keine vorherige Mitteilung mit einem Empfang der Nachricht von uns (Vermieter) per E-Mail an info@empuriaholidays.com gemacht hat, um \u00fcber diese Verz\u00f6gerung zu informieren, kann der Vermieter die Reservierung der Immobilie, Gegenstand dieses Vertrages, freigeben, und mieten Sie diese Unterkunft wieder. Der Mieter verliert daher seinen Vorbehalt ohne Anspruch auf finanzielle Entsch\u00e4digung.<\/li>\n<li>Die Bewohner m\u00fcssen sich online \u00fcber die Partee-App \u00fcber den Link in der Anleitung registrieren oder eine Kopie ihrer Dokumente senden, um G\u00e4ste zu registrieren. Ohne die Registrierung oder eine Kopie des Ausweisdokuments hat der Mieter kein Recht auf Zugang zur Immobilie (Artikel 2 der Verordnung IRP\/418\/2010 vom 5. August \u00fcber die Verpflichtung zur Registrierung und Mitteilung an die Generaldirektion der Polizei von Personen, die sich in Beherbergungsbetrieben in Katalonien aufhalten) (Artikel 9.1 des Organgesetzes 4\/2015, vom 30. M\u00e4rz \u00fcber den Schutz der \u00f6ffentlichen Sicherheit.)<\/li>\n<li>F\u00fcr den Fall, dass eine Ankunft nach 18:00 Uhr mitgeteilt wird, muss der Mieter die m\u00f6glicherweise ausstehenden Betr\u00e4ge (letzte Zahlung der Miete, Kurtaxe, Kaution usw.) \u00fcber ein zwischen den Parteien vereinbartes Sofortzahlungssystem bezahlen. Die eventuellen Mehrkosten (Provisionen), die dieser Vorgang mit sich bringen kann, gehen zu Lasten des Gastes (Mieters).<\/li>\n<li>Der Mieter ist verpflichtet, die R\u00e4umlichkeiten pers\u00f6nlich zu bewohnen, sie zu nutzen und alle Einrichtungen in gutem Zustand zu halten. Alle Anspr\u00fcche, die sp\u00e4ter als 24 Stunden nach der Inbesitznahme der Immobilie entstehen k\u00f6nnen, gehen zu Lasten des Mieters. Sie sind auch verpflichtet, daf\u00fcr zu sorgen, dass die Ruhe der Nachbarschaft nicht dadurch gest\u00f6rt wird, dass der Mieter oder seine Familie die Unterkunft bewohnt.<\/li>\n<li>Der Eigent\u00fcmer oder sein Vertreter hat das Recht, vom Mieter bei seiner Abreise den Gesamtwert der zerbrochenen Gegenst\u00e4nde zu verlangen, die ersetzt werden m\u00fcssen, Risse, abgebrochene oder besch\u00e4digte M\u00f6bel und diejenigen, deren Verschlei\u00df im Verh\u00e4ltnis zur Dauer des Mietverh\u00e4ltnisses ungew\u00f6hnlich war. Sie k\u00f6nnen auch die Kosten f\u00fcr die Reinigung schmutziger Decken, Entsch\u00e4digung f\u00fcr Sch\u00e4den jeglicher Art an Vorh\u00e4ngen, W\u00e4nden, Decken, Teppichen, Fenstern, Bettw\u00e4sche usw. geltend machen ...<\/li>\n<li>Der Mieter muss die \u00fcbliche t\u00e4gliche Reinigung durchf\u00fchren, um die Unterkunft in einem optimalen Gesundheitszustand zu halten. Am Tag der Abreise muss der Mieter die Unterkunft mit der gleichen Verteilung der Originalm\u00f6bel und mit der t\u00e4glichen Reinigung liefern. Gegebenenfalls hat der Eigent\u00fcmer oder sein Vertreter das Recht, vom Mieter einen Teil oder die gesamte Kaution zu verlangen, wenn die Unterkunft nicht in den gleichen Verteilungsbedingungen wie am Tag der Ankunft ist oder festgestellt wird, dass keine Reinigung durchgef\u00fchrt wurde (Sand auf dem Boden, M\u00fcll, Fl\u00fcssigkeit versch\u00fcttet, ).<\/li>\n<li>Die Kaution (200 \u20ac) muss bei der Ankunft in bar bezahlt werden, es sei denn, sie wurde bereits zuvor \u00fcber ein anderes Zahlungssystem beglichen. In diesem Fall muss der Mieter einen Nachweis \u00fcber die Zahlung dieser Kaution haben. Die in bar hinterlegte Kaution wird Ihnen am Abreisetag nach einer Sichtpr\u00fcfung zur\u00fcckerstattet, es sei denn, sie muss einbehalten werden. Wenn die Abreise w\u00e4hrend der Zeitfenster von 19:00 bis 9:45 Uhr erfolgt, wird die Anzahlung in der folgenden Woche per Bank\u00fcberweisung zur\u00fcckerstattet. Allf\u00e4llige Bankspesen gehen zu Lasten des Mieters.<\/li>\n<li>Der Mieter kann sich dem Besuch der Einrichtungen auf Anfrage des Eigent\u00fcmers oder seines Vertreters nicht widersetzen.<\/li>\n<li>Beide Parteien verstehen und stimmen zu, dass dieser Vertrag Ferienvermietungscharakter hat und ausschlie\u00dflich f\u00fcr touristische Zwecke bestimmt ist.<\/li>\n<li>Das Haus ist voll m\u00f6bliert, mit Ausnahme von Bettw\u00e4sche und Handt\u00fcchern. Die Verwendung von Betten ohne Bettw\u00e4sche ist verboten. Der Mieter muss seine Bettw\u00e4sche mitbringen oder mindestens 48 Stunden vor dem Anreisetag eine Bettenmiete buchen. Es ist auch nicht erlaubt, Decken oder Bettdecken au\u00dferhalb des Hauses mitzunehmen. Bei Nichteinhaltung muss der Mieter 120 \u20ac f\u00fcr jedes Bett zahlen, das er ohne Bettw\u00e4sche f\u00fcr die Reinigung von Matratzen und \/ oder Bez\u00fcgen verwendet hat, 30 \u20ac f\u00fcr jede Decke und \/ oder 20 \u20ac f\u00fcr jede Tagesdecke, die im Freien verwendet wurde, auch f\u00fcr die Reinigung.<\/li>\n<li>In keinem Fall ist es erlaubt, mehr als 5 Erwachsene oder 4 Erwachsene und 2 Kinder zu bleiben.<\/li>\n<li>Haustiere oder Haustiere sind in keinem Bereich der Unterkunft oder des Gemeinschaftsbereichs erlaubt.<\/li>\n<li>Die Nutzer dieser Immobilie m\u00fcssen ihren Verpflichtungen nachkommen und die Regeln der Community jederzeit respektieren. Im Falle der Nichteinhaltung einer der Bestimmungen dieser Allgemeinen Gesch\u00e4ftsbedingungen kann der Vermieter den Mietvertrag k\u00fcndigen, ohne dass der Mieter Anspruch auf R\u00fcckerstattung oder Entsch\u00e4digung f\u00fcr die nicht genossenen Tage hat.<\/li>\n<li>Wir behalten uns das Recht vor, Teile dieser Allgemeinen Gesch\u00e4ftsbedingungen jederzeit ohne vorherige Ank\u00fcndigung zu \u00e4ndern, hinzuzuf\u00fcgen oder zu entfernen. Es liegt in Ihrer Verantwortung, diese Allgemeinen Gesch\u00e4ftsbedingungen regelm\u00e4\u00dfig auf \u00c4nderungen zu \u00fcberpr\u00fcfen. Ihre fortgesetzte Nutzung unserer Website oder Dienstleistungen nach der Ver\u00f6ffentlichung von \u00c4nderungen stellt Ihre Zustimmung zu diesen \u00c4nderungen dar. Wir haften Ihnen oder Dritten gegen\u00fcber nicht f\u00fcr \u00c4nderungen, Aussetzungen oder Unterbrechungen unserer Website oder Dienste.<\/li>\n<li>Um Konfliktprobleme zu vermeiden, die sich aus diesem Vertrag ergeben, unterwerfen sich die Parteien den Gerichten der Stadt Girona.<\/li>\n<\/ol>\n","protected":false},"excerpt":{"rendered":"<p>Dieser Vertrag wird mit den gew\u00f6hnlichen und \/ oder besonderen Bedingungen gem\u00e4\u00df dem geltenden Recht abgeschlossen, das auf diese Angelegenheit angewendet wird. Der Mieter verpflichtet sich, alle allgemeinen Bedingungen einzuhalten, unter Strafe der Geltendmachung von Schadensersatz und \/ oder Zinsen und bis zur Beendigung desselben Vertrags ohne jegliche Mietminderung. Bitte beachten Sie, dass die Ankunftszeit [&hellip;]<\/p>\n","protected":false},"author":2,"featured_media":0,"parent":0,"menu_order":0,"comment_status":"closed","ping_status":"closed","template":"page-full.php","meta":{"_acf_changed":false,"footnotes":""},"class_list":["post-2753","page","type-page","status-publish","hentry"],"acf":[],"_links":{"self":[{"href":"https:\/\/empuriaholidays.com\/de\/wp-json\/wp\/v2\/pages\/2753","targetHints":{"allow":["GET"]}}],"collection":[{"href":"https:\/\/empuriaholidays.com\/de\/wp-json\/wp\/v2\/pages"}],"about":[{"href":"https:\/\/empuriaholidays.com\/de\/wp-json\/wp\/v2\/types\/page"}],"author":[{"embeddable":true,"href":"https:\/\/empuriaholidays.com\/de\/wp-json\/wp\/v2\/users\/2"}],"replies":[{"embeddable":true,"href":"https:\/\/empuriaholidays.com\/de\/wp-json\/wp\/v2\/comments?post=2753"}],"version-history":[{"count":4,"href":"https:\/\/empuriaholidays.com\/de\/wp-json\/wp\/v2\/pages\/2753\/revisions"}],"predecessor-version":[{"id":2858,"href":"https:\/\/empuriaholidays.com\/de\/wp-json\/wp\/v2\/pages\/2753\/revisions\/2858"}],"wp:attachment":[{"href":"https:\/\/empuriaholidays.com\/de\/wp-json\/wp\/v2\/media?parent=2753"}],"curies":[{"name":"wp","href":"https:\/\/api.w.org\/{rel}","templated":true}]}}