{"id":2462,"date":"2022-02-16T00:58:41","date_gmt":"2022-02-15T23:58:41","guid":{"rendered":"https:\/\/empuriaholidays.com\/montgri-haeuser\/"},"modified":"2022-02-21T14:49:41","modified_gmt":"2022-02-21T13:49:41","slug":"montgri-haeuser","status":"publish","type":"page","link":"https:\/\/empuriaholidays.com\/de\/montgri-haeuser\/","title":{"rendered":"Montgr\u00ed-H\u00e4user"},"content":{"rendered":"<div class=\"cycloneslider cycloneslider-template-thumbnails cycloneslider-width-responsive\" id=\"cycloneslider-cases-montgri-1\" style=\"max-width:960px\" ><div class=\"cycloneslider-slides cycle-slideshow\"\tdata-cycle-allow-wrap=\"true\" data-cycle-dynamic-height=\"off\" data-cycle-auto-height=\"960:600\" data-cycle-auto-height-easing=\"null\" data-cycle-auto-height-speed=\"250\" data-cycle-delay=\"0\" data-cycle-easing=\"\" data-cycle-fx=\"fade\" data-cycle-hide-non-active=\"true\" data-cycle-log=\"false\" data-cycle-next=\"#cycloneslider-cases-montgri-1 .cycloneslider-next\" data-cycle-pager=\"#cycloneslider-cases-montgri-1 .cycloneslider-pager\" data-cycle-pause-on-hover=\"true\" data-cycle-prev=\"#cycloneslider-cases-montgri-1 .cycloneslider-prev\" data-cycle-slides=\"&gt; div\" data-cycle-speed=\"1000\" data-cycle-swipe=\"false\" data-cycle-tile-count=\"7\" data-cycle-tile-delay=\"100\" data-cycle-tile-vertical=\"true\" data-cycle-timeout=\"4000\"\t> <div class=\"cycloneslider-slide cycloneslider-slide-image\" > <img decoding=\"async\" src=\"https:\/\/empuriaholidays.com\/wp-content\/uploads\/2015\/12\/e03-960x600.jpg\" alt=\"\" title=\"\" \/> <\/div> <div class=\"cycloneslider-slide cycloneslider-slide-image\" > <img decoding=\"async\" src=\"https:\/\/empuriaholidays.com\/wp-content\/uploads\/2013\/08\/38-960x600.jpg\" alt=\"\" title=\"\" \/> <\/div> <div class=\"cycloneslider-slide cycloneslider-slide-image\" > <img decoding=\"async\" src=\"https:\/\/empuriaholidays.com\/wp-content\/uploads\/2013\/08\/39-960x600.jpg\" alt=\"\" title=\"\" \/> <\/div> <div class=\"cycloneslider-slide cycloneslider-slide-image\" > <img decoding=\"async\" src=\"https:\/\/empuriaholidays.com\/wp-content\/uploads\/2013\/08\/42-960x600.jpg\" alt=\"\" title=\"\" \/> <\/div> <div class=\"cycloneslider-slide cycloneslider-slide-image\" > <img decoding=\"async\" src=\"https:\/\/empuriaholidays.com\/wp-content\/uploads\/2013\/08\/43-960x600.jpg\" alt=\"\" title=\"\" \/> <\/div> <\/div><div class=\"cycloneslider-prev\"><\/div><div class=\"cycloneslider-next\"><\/div><\/div><div id=\"cycloneslider-cases-montgri-1-pager\" class=\"cycloneslider-template-thumbnails cycloneslider-thumbnails\"\tstyle=\"max-width:960px\" ><ul class=\"clearfix\"> <li><img loading=\"lazy\" decoding=\"async\" src=\"https:\/\/empuriaholidays.com\/wp-content\/uploads\/2015\/12\/e03-40x40.jpg\" width=\"40\" height=\"40\" alt=\"\" title=\"\" \/><\/li> <li><img loading=\"lazy\" decoding=\"async\" src=\"https:\/\/empuriaholidays.com\/wp-content\/uploads\/2013\/08\/38-40x40.jpg\" width=\"40\" height=\"40\" alt=\"\" title=\"\" \/><\/li> <li><img loading=\"lazy\" decoding=\"async\" src=\"https:\/\/empuriaholidays.com\/wp-content\/uploads\/2013\/08\/39-40x40.jpg\" width=\"40\" height=\"40\" alt=\"\" title=\"\" \/><\/li> <li><img loading=\"lazy\" decoding=\"async\" src=\"https:\/\/empuriaholidays.com\/wp-content\/uploads\/2013\/08\/42-40x40.jpg\" width=\"40\" height=\"40\" alt=\"\" title=\"\" \/><\/li> <li><img loading=\"lazy\" decoding=\"async\" src=\"https:\/\/empuriaholidays.com\/wp-content\/uploads\/2013\/08\/43-40x40.jpg\" width=\"40\" height=\"40\" alt=\"\" title=\"\" \/><\/li> <\/ul><\/div>\n<hr \/>\n<h2>Beschreibung<\/h2>\n<p>Der Montgr\u00ed-Komplex befindet sich in einer Enklave in der N\u00e4he von Gesch\u00e4ften, Freizeitgebieten und dem Strand von Empuriabrava, mit viel urbaneren Merkmalen und mehr Einrichtungen f\u00fcr den Tourismus als seine \"wilderen\" Schwestern.<br \/>\nAufgrund seiner Eigenschaften ist es ideal f\u00fcr Familien mit kleinen Kindern, Wassersportler, diejenigen, die das Auto nicht nehmen m\u00f6chten oder einfach f\u00fcr diejenigen, die ein Haus einer Wohnung vorziehen.<br \/>\nDie H\u00e4user von Montgr\u00ed sind eine Gruppe von drei mittelgro\u00dfen H\u00e4usern und zwei Ecken, alle mit einem Vorhof, wo Sie die Ruhe dieser in einer Sackgasse gelegenen Gegend genie\u00dfen k\u00f6nnen. Alle H\u00e4user sind f\u00fcr 5\/6 Personen ausgestattet.<br \/>\nDer Komplex verf\u00fcgt \u00fcber einen gemeinschaftlichen Gartenbereich, in dem Sie eine Au\u00dfendusche und einen eingebauten Grill nutzen k\u00f6nnen.<\/p>\n<hr \/>\n<h2>Lageplan<\/h2>\n<div class=\"Flexible-container\"><iframe loading=\"lazy\" src=\"https:\/\/mapsengine.google.com\/map\/u\/5\/embed?mid=zifJ4WBJTr0Q.kLsJUrrdMo5g\" width=\"800\" height=\"600\"><\/iframe><\/div>\n<p>&nbsp;<\/p>\n<hr \/>\n<h2>Unsere H\u00e4user<\/h2>\n<p>Um mehr \u00fcber eine dieser Unterk\u00fcnfte zu erfahren, w\u00e4hlen Sie eine davon aus:<br \/>\n<div class='one_fourth fifth'>\n\t\t\t\t\t<h3>Haus Ginesta<\/h3>\n<p><a href=\"https:\/\/empuriaholidays.com\/de\/haus-i-ginesta\/\" rel=\"attachment wp-att-749\"><img loading=\"lazy\" decoding=\"async\" class=\"alignnone size-thumbnail wp-image-749\" title=\"totes-les-casesmarcantcasa1\" src=\"http:\/\/www.empuriaholidays.com\/wp-content\/uploads\/2013\/03\/totes-les-casesmarcantcasa1-150x150.jpg\" alt=\"totes-les-casesmarcantcasa1\" width=\"150\" height=\"150\" srcset=\"https:\/\/empuriaholidays.com\/wp-content\/uploads\/2013\/03\/totes-les-casesmarcantcasa1-150x150.jpg 150w, https:\/\/empuriaholidays.com\/wp-content\/uploads\/2013\/03\/totes-les-casesmarcantcasa1-300x300.jpg 300w\" sizes=\"auto, (max-width: 150px) 100vw, 150px\" \/><\/a>\n\t\t\t\t<\/div><div class='one_fourth fifth'>\n\t\t\t\t\t<h3>Haus Gr\u00e9vol<\/h3>\n<p><a href=\"https:\/\/empuriaholidays.com\/de\/house-ii-grevol\/\" rel=\"attachment wp-att-745\"><img loading=\"lazy\" decoding=\"async\" class=\"alignnone size-thumbnail wp-image-745\" title=\"totes-les-casesmarcantcasa2\" src=\"http:\/\/www.empuriaholidays.com\/wp-content\/uploads\/2013\/03\/totes-les-casesmarcantcasa2-150x150.jpg\" alt=\"totes-les-casesmarcantcasa2\" width=\"150\" height=\"150\" srcset=\"https:\/\/empuriaholidays.com\/wp-content\/uploads\/2013\/03\/totes-les-casesmarcantcasa2-150x150.jpg 150w, https:\/\/empuriaholidays.com\/wp-content\/uploads\/2013\/03\/totes-les-casesmarcantcasa2-300x300.jpg 300w\" sizes=\"auto, (max-width: 150px) 100vw, 150px\" \/><\/a>\n\t\t\t\t<\/div><div class='one_fourth fifth'>\n\t\t\t\t\t<h3>Haus Roman\u00ed<\/h3>\n<p><a href=\"https:\/\/empuriaholidays.com\/de\/haus-iii-romani\/\" rel=\"attachment wp-att-746\"><img loading=\"lazy\" decoding=\"async\" class=\"alignnone size-thumbnail wp-image-746\" title=\"totes-les-casesmarcantcasa3\" src=\"http:\/\/www.empuriaholidays.com\/wp-content\/uploads\/2013\/03\/totes-les-casesmarcantcasa3-150x150.jpg\" alt=\"totes-les-casesmarcantcasa3\" width=\"150\" height=\"150\" srcset=\"https:\/\/empuriaholidays.com\/wp-content\/uploads\/2013\/03\/totes-les-casesmarcantcasa3-150x150.jpg 150w, https:\/\/empuriaholidays.com\/wp-content\/uploads\/2013\/03\/totes-les-casesmarcantcasa3-300x300.jpg 300w\" sizes=\"auto, (max-width: 150px) 100vw, 150px\" \/><\/a>\n\t\t\t\t<\/div><div class='one_fourth fifth'>\n\t\t\t\t\t<h3>Haus Margarita<\/h3>\n<p><a href=\"https:\/\/empuriaholidays.com\/de\/haus-iv-margarita\/\" rel=\"attachment wp-att-747\"><img loading=\"lazy\" decoding=\"async\" class=\"alignnone size-thumbnail wp-image-747\" title=\"totes-les-casesmarcantcasa4\" src=\"http:\/\/www.empuriaholidays.com\/wp-content\/uploads\/2013\/03\/totes-les-casesmarcantcasa4-150x150.jpg\" alt=\"totes-les-casesmarcantcasa4\" width=\"150\" height=\"150\" srcset=\"https:\/\/empuriaholidays.com\/wp-content\/uploads\/2013\/03\/totes-les-casesmarcantcasa4-150x150.jpg 150w, https:\/\/empuriaholidays.com\/wp-content\/uploads\/2013\/03\/totes-les-casesmarcantcasa4-300x300.jpg 300w\" sizes=\"auto, (max-width: 150px) 100vw, 150px\" \/><\/a>\n\t\t\t\t<\/div><div class='one_fourth et_column_last fifth'>\n\t\t\t\t\t<h3>Haus Farigola<\/h3>\n<p><a href=\"https:\/\/empuriaholidays.com\/de\/haus-v-farigola\/\" rel=\"attachment wp-att-748\"><img loading=\"lazy\" decoding=\"async\" class=\"alignnone size-thumbnail wp-image-748\" title=\"totes-les-casesmarcantcasa5\" src=\"http:\/\/www.empuriaholidays.com\/wp-content\/uploads\/2013\/03\/totes-les-casesmarcantcasa5-150x150.jpg\" alt=\"totes-les-casesmarcantcasa5\" width=\"150\" height=\"150\" srcset=\"https:\/\/empuriaholidays.com\/wp-content\/uploads\/2013\/03\/totes-les-casesmarcantcasa5-150x150.jpg 150w, https:\/\/empuriaholidays.com\/wp-content\/uploads\/2013\/03\/totes-les-casesmarcantcasa5-300x300.jpg 300w\" sizes=\"auto, (max-width: 150px) 100vw, 150px\" \/><\/a>\n\t\t\t\t<\/div><div class='clear'><\/div><\/p>\n<hr \/>\n<a href='https:\/\/empuriaholidays.com\/cercador\/' class='big-button bigblue'>BUCH<\/a>\n","protected":false},"excerpt":{"rendered":"<p>Der Montgr\u00ed-Komplex befindet sich in einer Enklave in der N\u00e4he von Gesch\u00e4ften, Freizeitbereichen und dem Strand von Empuriabrava ...<\/p>\n","protected":false},"author":2,"featured_media":1563,"parent":0,"menu_order":0,"comment_status":"open","ping_status":"closed","template":"page-full.php","meta":{"_acf_changed":false,"footnotes":""},"class_list":["post-2462","page","type-page","status-publish","has-post-thumbnail","hentry"],"acf":[],"_links":{"self":[{"href":"https:\/\/empuriaholidays.com\/de\/wp-json\/wp\/v2\/pages\/2462","targetHints":{"allow":["GET"]}}],"collection":[{"href":"https:\/\/empuriaholidays.com\/de\/wp-json\/wp\/v2\/pages"}],"about":[{"href":"https:\/\/empuriaholidays.com\/de\/wp-json\/wp\/v2\/types\/page"}],"author":[{"embeddable":true,"href":"https:\/\/empuriaholidays.com\/de\/wp-json\/wp\/v2\/users\/2"}],"replies":[{"embeddable":true,"href":"https:\/\/empuriaholidays.com\/de\/wp-json\/wp\/v2\/comments?post=2462"}],"version-history":[{"count":1,"href":"https:\/\/empuriaholidays.com\/de\/wp-json\/wp\/v2\/pages\/2462\/revisions"}],"predecessor-version":[{"id":2653,"href":"https:\/\/empuriaholidays.com\/de\/wp-json\/wp\/v2\/pages\/2462\/revisions\/2653"}],"wp:featuredmedia":[{"embeddable":true,"href":"https:\/\/empuriaholidays.com\/de\/wp-json\/wp\/v2\/media\/1563"}],"wp:attachment":[{"href":"https:\/\/empuriaholidays.com\/de\/wp-json\/wp\/v2\/media?parent=2462"}],"curies":[{"name":"wp","href":"https:\/\/api.w.org\/{rel}","templated":true}]}}