{"id":2429,"date":"2022-02-16T00:50:55","date_gmt":"2022-02-15T23:50:55","guid":{"rendered":"https:\/\/empuriaholidays.com\/la-sardana-wohnungen\/"},"modified":"2022-02-21T14:53:28","modified_gmt":"2022-02-21T13:53:28","slug":"la-sardana-wohnungen","status":"publish","type":"page","link":"https:\/\/empuriaholidays.com\/de\/la-sardana-wohnungen\/","title":{"rendered":"La Sardana-Wohnungen"},"content":{"rendered":"<div class=\"cycloneslider cycloneslider-template-thumbnails cycloneslider-width-responsive\" id=\"cycloneslider-lasardana-1\" style=\"max-width:960px\" ><div class=\"cycloneslider-slides cycle-slideshow\"\tdata-cycle-allow-wrap=\"true\" data-cycle-dynamic-height=\"off\" data-cycle-auto-height=\"960:600\" data-cycle-auto-height-easing=\"null\" data-cycle-auto-height-speed=\"250\" data-cycle-delay=\"0\" data-cycle-easing=\"\" data-cycle-fx=\"fade\" data-cycle-hide-non-active=\"true\" data-cycle-log=\"false\" data-cycle-next=\"#cycloneslider-lasardana-1 .cycloneslider-next\" data-cycle-pager=\"#cycloneslider-lasardana-1 .cycloneslider-pager\" data-cycle-pause-on-hover=\"true\" data-cycle-prev=\"#cycloneslider-lasardana-1 .cycloneslider-prev\" data-cycle-slides=\"&gt; div\" data-cycle-speed=\"1000\" data-cycle-swipe=\"false\" data-cycle-tile-count=\"7\" data-cycle-tile-delay=\"100\" data-cycle-tile-vertical=\"true\" data-cycle-timeout=\"4000\"\t> <div class=\"cycloneslider-slide cycloneslider-slide-image\" > <img decoding=\"async\" src=\"https:\/\/empuriaholidays.com\/wp-content\/uploads\/2013\/08\/1-1-scaled-960x600.jpg\" alt=\"\" title=\"\" \/> <\/div> <div class=\"cycloneslider-slide cycloneslider-slide-image\" > <img decoding=\"async\" src=\"https:\/\/empuriaholidays.com\/wp-content\/uploads\/2013\/12\/09-960x600.jpg\" alt=\"\" title=\"\" \/> <\/div> <div class=\"cycloneslider-slide cycloneslider-slide-image\" > <img decoding=\"async\" src=\"https:\/\/empuriaholidays.com\/wp-content\/uploads\/2013\/12\/22-960x600.jpg\" alt=\"\" title=\"\" \/> <\/div> <div class=\"cycloneslider-slide cycloneslider-slide-image\" > <img decoding=\"async\" src=\"https:\/\/empuriaholidays.com\/wp-content\/uploads\/2013\/06\/182-960x600.jpg\" alt=\"\" title=\"\" \/> <\/div> <div class=\"cycloneslider-slide cycloneslider-slide-image\" > <img decoding=\"async\" src=\"https:\/\/empuriaholidays.com\/wp-content\/uploads\/2013\/06\/152-960x600.jpg\" alt=\"\" title=\"\" \/> <\/div> <div class=\"cycloneslider-slide cycloneslider-slide-image\" > <img decoding=\"async\" src=\"https:\/\/empuriaholidays.com\/wp-content\/uploads\/2013\/06\/aptsardanatos-960x600.jpg\" alt=\"\" title=\"\" \/> <\/div> <\/div><div class=\"cycloneslider-prev\"><\/div><div class=\"cycloneslider-next\"><\/div><\/div><div id=\"cycloneslider-lasardana-1-pager\" class=\"cycloneslider-template-thumbnails cycloneslider-thumbnails\"\tstyle=\"max-width:960px\" ><ul class=\"clearfix\"> <li><img loading=\"lazy\" decoding=\"async\" src=\"https:\/\/empuriaholidays.com\/wp-content\/uploads\/2013\/08\/1-1-scaled-40x40.jpg\" width=\"40\" height=\"40\" alt=\"\" title=\"\" \/><\/li> <li><img loading=\"lazy\" decoding=\"async\" src=\"https:\/\/empuriaholidays.com\/wp-content\/uploads\/2013\/12\/09-40x40.jpg\" width=\"40\" height=\"40\" alt=\"\" title=\"\" \/><\/li> <li><img loading=\"lazy\" decoding=\"async\" src=\"https:\/\/empuriaholidays.com\/wp-content\/uploads\/2013\/12\/22-40x40.jpg\" width=\"40\" height=\"40\" alt=\"\" title=\"\" \/><\/li> <li><img loading=\"lazy\" decoding=\"async\" src=\"https:\/\/empuriaholidays.com\/wp-content\/uploads\/2013\/06\/182-40x40.jpg\" width=\"40\" height=\"40\" alt=\"\" title=\"\" \/><\/li> <li><img loading=\"lazy\" decoding=\"async\" src=\"https:\/\/empuriaholidays.com\/wp-content\/uploads\/2013\/06\/152-40x40.jpg\" width=\"40\" height=\"40\" alt=\"\" title=\"\" \/><\/li> <li><img loading=\"lazy\" decoding=\"async\" src=\"https:\/\/empuriaholidays.com\/wp-content\/uploads\/2013\/06\/aptsardanatos-40x40.jpg\" width=\"40\" height=\"40\" alt=\"\" title=\"\" \/><\/li> <\/ul><\/div>\n<hr \/>\n<h2>Beschreibung<\/h2>\n<p>Die Apartments \"La Sardana\" sind eine perfekte Option f\u00fcr diejenigen, die nicht mit dem Auto anreisen m\u00f6chten, um zum Strand zu gelangen, da sie nur 100 m entfernt sind. vom Strand \"La Rubina\".<\/p>\n<p>\"La Rubina\" ist einer der reizvollsten offenen Str\u00e4nde im Golf von Roses in der Umgebung. Alles ist als Naturpark gelistet. Hier k\u00f6nnen Sie einheimische und wandernde Fauna und V\u00f6gel wie Flamingos sehen. Ein echtes Privileg f\u00fcr Naturliebhaber.<\/p>\n<p>Dar\u00fcber hinaus hat es an diesem Strand die Zug\u00e4nge sowie Schulen zum \u00dcben von Windsurfen, Kitesurfen oder Leichtsegeln.<\/p>\n<p>Auch der Start mehrerer Fahrradrouten beginnt oder verl\u00e4uft an der Seite der \"Sardana\" und erm\u00f6glicht es Ihnen, die Umwelt auf gesunde und \u00f6kologische Weise zu genie\u00dfen.<\/p>\n<p>Wir haben vier Wohnungen in diesem dreist\u00f6ckigen Geb\u00e4ude. Zwei Wohnungen befinden sich im ersten Stock und zwei weitere im zweiten. Alle Wohnungen sind f\u00fcr 5\/6 Personen ausgestattet.<\/p>\n<hr \/>\n<h2>Lageplan<\/h2>\n<div class=\"Flexible-container\"><iframe loading=\"lazy\" src=\"https:\/\/mapsengine.google.com\/map\/u\/5\/embed?mid=zifJ4WBJTr0Q.kLsJUrrdMo5g\" width=\"800\" height=\"600\"><\/iframe><\/div>\n<p>&amp; nbsp;<\/p>\n<hr \/>\n<h2>Unsere Wohnungen<\/h2>\n<p>Um mehr \u00fcber eine dieser Unterk\u00fcnfte zu erfahren, w\u00e4hlen Sie eine davon aus:<\/p>\n<div class='one_fourth'>\n\t\t\t\t\t<h3>Wohnung 1-1 Norfeu<\/h3>\n<p><a href=\"..\/apartament-1-1-norfeu\/\"><img loading=\"lazy\" decoding=\"async\" class=\"aligncenter size-full wp-image-540\" src=\"http:\/\/www.empuriaholidays.com\/wp-content\/uploads\/2013\/06\/aprt1selecionat.jpg\" alt=\"aprt1selecionat\" width=\"1000\" height=\"700\" data-id=\"540\" \/><\/a>\n\t\t\t\t<\/div>\n<div class='one_fourth'>\n\t\t\t\t\t<h3>Wohnung 1-2 Ithaka<\/h3>\n<p><a href=\"..\/apartament-1-2-itaca\/\"><img loading=\"lazy\" decoding=\"async\" class=\"aligncenter size-full wp-image-549\" src=\"http:\/\/www.empuriaholidays.com\/wp-content\/uploads\/2013\/12\/aprt2selecionat.jpg\" alt=\"aprt2selecionat\" width=\"1000\" height=\"700\" data-id=\"549\" \/><\/a>\n\t\t\t\t<\/div>\n<div class='one_fourth'>\n\t\t\t\t\t<h3>Wohnung 2-1 Xixu<\/h3>\n<p><a href=\"..\/apartament-2-1-xixu\/\"><img loading=\"lazy\" decoding=\"async\" class=\"aligncenter size-full wp-image-540\" src=\"http:\/\/www.empuriaholidays.com\/wp-content\/uploads\/2013\/06\/aprt1selecionat.jpg\" alt=\"aprt1selecionat\" width=\"1000\" height=\"700\" data-id=\"540\" \/><\/a>\n\t\t\t\t<\/div>\n<div class='one_fourth et_column_last'>\n\t\t\t\t\t<h3>Wohnung 2-2 St\u00fcck<\/h3>\n<p><a href=\"..\/apartament-2-2-buc\/\"><img loading=\"lazy\" decoding=\"async\" class=\"aligncenter size-full wp-image-549\" src=\"http:\/\/www.empuriaholidays.com\/wp-content\/uploads\/2013\/12\/aprt2selecionat.jpg\" alt=\"aprt2selecionat\" width=\"1000\" height=\"700\" data-id=\"549\" \/><\/a>\n\t\t\t\t<\/div><div class='clear'><\/div>\n<hr \/>\n<a href='https:\/\/empuriaholidays.com\/cercador\/' class='big-button bigblue'>Buchen<\/a>\n","protected":false},"excerpt":{"rendered":"<p>Die Apartments \"La Sardana\" sind die perfekte Wahl f\u00fcr diejenigen, die nicht mit dem Auto anreisen m\u00f6chten, um zum Strand zu fahren.<\/p>\n","protected":false},"author":2,"featured_media":2047,"parent":0,"menu_order":0,"comment_status":"open","ping_status":"closed","template":"page-full.php","meta":{"_acf_changed":false,"footnotes":""},"class_list":["post-2429","page","type-page","status-publish","has-post-thumbnail","hentry"],"acf":[],"_links":{"self":[{"href":"https:\/\/empuriaholidays.com\/de\/wp-json\/wp\/v2\/pages\/2429","targetHints":{"allow":["GET"]}}],"collection":[{"href":"https:\/\/empuriaholidays.com\/de\/wp-json\/wp\/v2\/pages"}],"about":[{"href":"https:\/\/empuriaholidays.com\/de\/wp-json\/wp\/v2\/types\/page"}],"author":[{"embeddable":true,"href":"https:\/\/empuriaholidays.com\/de\/wp-json\/wp\/v2\/users\/2"}],"replies":[{"embeddable":true,"href":"https:\/\/empuriaholidays.com\/de\/wp-json\/wp\/v2\/comments?post=2429"}],"version-history":[{"count":1,"href":"https:\/\/empuriaholidays.com\/de\/wp-json\/wp\/v2\/pages\/2429\/revisions"}],"predecessor-version":[{"id":2658,"href":"https:\/\/empuriaholidays.com\/de\/wp-json\/wp\/v2\/pages\/2429\/revisions\/2658"}],"wp:featuredmedia":[{"embeddable":true,"href":"https:\/\/empuriaholidays.com\/de\/wp-json\/wp\/v2\/media\/2047"}],"wp:attachment":[{"href":"https:\/\/empuriaholidays.com\/de\/wp-json\/wp\/v2\/media?parent=2429"}],"curies":[{"name":"wp","href":"https:\/\/api.w.org\/{rel}","templated":true}]}}